{"id":10872,"date":"2025-06-10T11:25:48","date_gmt":"2025-06-10T11:25:48","guid":{"rendered":"https:\/\/infobric.se\/workforce\/?page_id=10872"},"modified":"2025-06-10T11:28:35","modified_gmt":"2025-06-10T11:28:35","slug":"prata-med-en-expert-jobsafe-sc","status":"publish","type":"page","link":"https:\/\/infobric.se\/workforce\/sv\/prata-med-en-expert-jobsafe-sc\/","title":{"rendered":"Prata med en expert &#8211; Jobsafe &#8211; sc"},"content":{"rendered":"\t\t<div data-elementor-type=\"wp-page\" data-elementor-id=\"10872\" class=\"elementor elementor-10872\" data-elementor-post-type=\"page\">\n\t\t\t\t<div class=\"elementor-element elementor-element-c1e20e6 e-con-full e-flex e-con e-parent\" data-id=\"c1e20e6\" data-element_type=\"container\" data-settings=\"{&quot;background_background&quot;:&quot;classic&quot;}\">\n\t\t<div class=\"elementor-element elementor-element-0d45f1a e-con-full e-flex e-con e-child\" data-id=\"0d45f1a\" data-element_type=\"container\">\n\t\t<div class=\"elementor-element elementor-element-6573795 e-con-full e-flex e-con e-child\" data-id=\"6573795\" data-element_type=\"container\" data-settings=\"{&quot;background_background&quot;:&quot;classic&quot;}\">\n\t\t\t\t<div class=\"elementor-element elementor-element-065902d elementor-widget elementor-widget-heading\" data-id=\"065902d\" data-element_type=\"widget\" data-widget_type=\"heading.default\">\n\t\t\t\t<div class=\"elementor-widget-container\">\n\t\t\t<style>\/*! elementor - v3.21.0 - 25-04-2024 *\/\n.elementor-heading-title{padding:0;margin:0;line-height:1}.elementor-widget-heading .elementor-heading-title[class*=elementor-size-]>a{color:inherit;font-size:inherit;line-height:inherit}.elementor-widget-heading .elementor-heading-title.elementor-size-small{font-size:15px}.elementor-widget-heading .elementor-heading-title.elementor-size-medium{font-size:19px}.elementor-widget-heading .elementor-heading-title.elementor-size-large{font-size:29px}.elementor-widget-heading .elementor-heading-title.elementor-size-xl{font-size:39px}.elementor-widget-heading .elementor-heading-title.elementor-size-xxl{font-size:59px}<\/style><h1 class=\"elementor-heading-title elementor-size-default\">Prata med en expert!<\/h1>\t\t<\/div>\n\t\t\t\t<\/div>\n\t\t\t\t<div class=\"elementor-element elementor-element-4ad0f25 elementor-widget elementor-widget-text-editor\" data-id=\"4ad0f25\" data-element_type=\"widget\" data-widget_type=\"text-editor.default\">\n\t\t\t\t<div class=\"elementor-widget-container\">\n\t\t\t<style>\/*! elementor - v3.21.0 - 25-04-2024 *\/\n.elementor-widget-text-editor.elementor-drop-cap-view-stacked .elementor-drop-cap{background-color:#69727d;color:#fff}.elementor-widget-text-editor.elementor-drop-cap-view-framed .elementor-drop-cap{color:#69727d;border:3px solid;background-color:transparent}.elementor-widget-text-editor:not(.elementor-drop-cap-view-default) .elementor-drop-cap{margin-top:8px}.elementor-widget-text-editor:not(.elementor-drop-cap-view-default) .elementor-drop-cap-letter{width:1em;height:1em}.elementor-widget-text-editor .elementor-drop-cap{float:left;text-align:center;line-height:1;font-size:50px}.elementor-widget-text-editor .elementor-drop-cap-letter{display:inline-block}<\/style>\t\t\t\t<p>Fyll i dina uppgifter s\u00e5 kontaktar vi dig inom kort.<\/p>\t\t\t\t\t\t<\/div>\n\t\t\t\t<\/div>\n\t\t\t\t<div class=\"elementor-element elementor-element-185cf8a elementor-widget elementor-widget-hello-world\" data-id=\"185cf8a\" data-element_type=\"widget\" data-widget_type=\"hello-world.default\">\n\t\t\t\t<div class=\"elementor-widget-container\">\n\t\t\t<h2 class=\"upsales-title\"><\/h2><form id=\"subcontractor_offering_kontakt_expert_jobsafe\" method=\"post\" class=\"upsales-form\"><input type=\"hidden\" name=\"form-businessarea\" value=\"Construction\" disabled \/><input type=\"hidden\" name=\"form-category\" value=\"ContactMe\" disabled \/><input type=\"hidden\" name=\"formCid\" value=\"12880\" \/><input type=\"hidden\" name=\"formId\" value=\"12880uc1487f89d4b5443a8b0a01d4cfbd3f2f\" \/><input type=\"hidden\" name=\"recaptcha_response\" id=\"recaptchaResponse-12880uc1487f89d4b5443a8b0a01d4cfbd3f2f\"><label>F\u00f6r- &amp; Efternamn<input type=\"text\" name=\"Contact.name\" \/><\/label><label>F\u00f6retag<input type=\"text\" name=\"Client.name\" \/><\/label><label>Epostadress<input type=\"email\" name=\"Contact.email\" \/><\/label><label>Telefonnummer<input type=\"text\" name=\"Contact.phone\" \/><\/label><div><label class=\"switch\"><input required type=\"checkbox\"><span class=\"slider\"><\/span><\/label> Jag godk\u00e4nner <a href=\"https:\/\/infobric.com\/sv\/integritetspolicy\/\" target=\"_blank\">Integritetspolicyn<\/a><\/div><div class=\"fleetlookup-external-recaptcha-text recaptcha-badge-text\">This site is protected by reCAPTCHA and the Google <a href=\"https:\/\/policies.google.com\/privacy\" target=\"_blank\">Privacy Policy<\/a> and <a href=\"https:\/\/policies.google.com\/terms\" target=\"_blank\">Terms of Service<\/a> apply.<\/div><div class='fleetlookup-external-recaptcha-wrapper' id='fleet-recaptcha-inline-badge'><\/div><script>\n\t\tvar valid = false;\n\t\tvar validated = 0;\n\t\tjQuery('.upsales-form').ready(function(e) {\n\t\t\t\n\t\t\tvar recaptchaInterval = setInterval(function() {\n\t\t\tvalidated++;\n\t\t\tvar form = jQuery(this);\n\t\t\tjQuery.ajax({\n\t\t\t\turl: window.location.origin+'\/verify_recaptcha.php', \n\t\t\t\ttype: 'POST',\n\t\t\t\tdata: {\n\t\t\t\t\trecaptcha_response: jQuery('#recaptchaResponse-12880uc1487f89d4b5443a8b0a01d4cfbd3f2f').val()\n\t\t\t\t},\n\t\t\t\tsuccess: function(response) {\n        var response = JSON.parse(response);\n\t\t\t\tconsole.log(response);\n\t\t\t\tif (response.success && response.score > 0.5) {\n\t\t\t\t\tvalid = true;\n\t\t\t\t\tjQuery('.upsales-form').attr('action', 'https:\/\/power.upsales.com\/api\/external\/formSubmit');\n\t\t\t\t}\n\t\t\t\t},\n\t\t\t\terror: function(xhr, status) {\n\t\t\t\tconsole.log(xhr, status);\n\t\t\t\t}\n\t\t\t\t});\n\t\t\t\tif (valid || validated > 20) {\n\t\t\t\t\tconsole.log(validated);\n\t\t\t\t\tclearInterval(recaptchaInterval);\n\t\t\t\t}\n\t\t\t},1500);\n\t\t\t\n\t\t});\n\n\t\tjQuery('.upsales-form').submit(function(e) {\n\t\t\tif (!valid) {\n\t\t\t\te.preventDefault();\n\t\t\t}\n\t\t});\n\t\tfunction onFleetRecaptchaLoadCallback() {\n    var recaptchas = document.getElementsByName('recaptcha_response');\n\t\tvar clientId = grecaptcha.render('fleet-recaptcha-inline-badge', {\n\t\t\t'sitekey': '6Ld5itcZAAAAAFzkP8Tn7RWnfbRYU9LvBmKhBzQj',\n\t\t\t'badge': 'inline',\n\t\t\t'size': 'invisible'\n\t\t});\n\t\n\t\tgrecaptcha.ready(function() {\n    for (i=0; i<recaptchas.length;i++) {\n\t\t\tgrecaptcha.execute(clientId, {\n\t\t\t\t\taction: 'action_name'\n\t\t\t\t})\n\t\t\t\t.then(function(token) {\n\t\t\t\t\t\/\/ Verify the token on the server.\n          var added = false;\n          for (i=0; i<recaptchas.length;i++) {\n            var element = recaptchas[i];\n            if (element.value == '' && !added) {\n\t\t\t\t\t    element.value = token;\n              added = true;\n            }\n          }\n\t\t\t\t});\n    }\n\t\t});\n\t}\n\t\t<\/script><button class=\"upsales-form-submit\" type=\"submit\" style=\"background-color:#ff6c0e\" \/><span>SKICKA<\/span><\/button><\/form>\t\t<\/div>\n\t\t\t\t<\/div>\n\t\t\t\t<\/div>\n\t\t\t\t<\/div>\n\t\t<div class=\"elementor-element elementor-element-5274440 e-con-full elementor-hidden-mobile e-flex e-con e-child\" data-id=\"5274440\" data-element_type=\"container\" data-settings=\"{&quot;background_background&quot;:&quot;classic&quot;}\">\n\t\t\t\t<\/div>\n\t\t\t\t<\/div>\n\t\t\t\t<\/div>\n\t\t","protected":false},"excerpt":{"rendered":"<p>Prata med en expert! Fyll i dina uppgifter s\u00e5 kontaktar vi dig inom kort. F\u00f6r- &amp; EfternamnF\u00f6retagEpostadressTelefonnummer Jag godk\u00e4nner IntegritetspolicynThis site is protected by reCAPTCHA and the Google Privacy Policy and Terms of Service apply.SKICKA<\/p>\n","protected":false},"author":9,"featured_media":0,"parent":0,"menu_order":0,"comment_status":"closed","ping_status":"closed","template":"","meta":{"_acf_changed":false,"footnotes":""},"acf":[],"yoast_head":"<!-- This site is optimized with the Yoast SEO Premium plugin v22.5 (Yoast SEO v22.5) - https:\/\/yoast.com\/wordpress\/plugins\/seo\/ -->\n<title>Prata med en expert - Jobsafe - sc - Infobric Workforce<\/title>\n<meta name=\"robots\" content=\"noindex, nofollow\" \/>\n<meta property=\"og:locale\" content=\"sv_SE\" \/>\n<meta property=\"og:type\" content=\"article\" \/>\n<meta property=\"og:title\" content=\"Prata med en expert - Jobsafe - sc\" \/>\n<meta property=\"og:description\" content=\"Prata med en expert! Fyll i dina uppgifter s\u00e5 kontaktar vi dig inom kort. F\u00f6r- &amp; EfternamnF\u00f6retagEpostadressTelefonnummer Jag godk\u00e4nner IntegritetspolicynThis site is protected by reCAPTCHA and the Google Privacy Policy and Terms of Service apply.SKICKA\" \/>\n<meta property=\"og:url\" content=\"https:\/\/infobric.se\/workforce\/sv\/prata-med-en-expert-jobsafe-sc\/\" \/>\n<meta property=\"og:site_name\" content=\"Workforce Sverige\" \/>\n<meta property=\"article:publisher\" content=\"https:\/\/www.facebook.com\/InfobricSE\" \/>\n<meta property=\"article:modified_time\" content=\"2025-06-10T11:28:35+00:00\" \/>\n<meta name=\"twitter:card\" content=\"summary_large_image\" \/>\n<script type=\"application\/ld+json\" class=\"yoast-schema-graph\">{\"@context\":\"https:\/\/schema.org\",\"@graph\":[{\"@type\":\"WebPage\",\"@id\":\"https:\/\/infobric.se\/workforce\/sv\/prata-med-en-expert-jobsafe-sc\/\",\"url\":\"https:\/\/infobric.se\/workforce\/sv\/prata-med-en-expert-jobsafe-sc\/\",\"name\":\"Prata med en expert - Jobsafe - sc - Infobric Workforce\",\"isPartOf\":{\"@id\":\"https:\/\/infobric.se\/workforce\/sv\/#website\"},\"datePublished\":\"2025-06-10T11:25:48+00:00\",\"dateModified\":\"2025-06-10T11:28:35+00:00\",\"breadcrumb\":{\"@id\":\"https:\/\/infobric.se\/workforce\/sv\/prata-med-en-expert-jobsafe-sc\/#breadcrumb\"},\"inLanguage\":\"sv-SE\",\"potentialAction\":[{\"@type\":\"ReadAction\",\"target\":[\"https:\/\/infobric.se\/workforce\/sv\/prata-med-en-expert-jobsafe-sc\/\"]}]},{\"@type\":\"BreadcrumbList\",\"@id\":\"https:\/\/infobric.se\/workforce\/sv\/prata-med-en-expert-jobsafe-sc\/#breadcrumb\",\"itemListElement\":[{\"@type\":\"ListItem\",\"position\":1,\"name\":\"Home\",\"item\":\"https:\/\/infobric.se\/workforce\/sv\/\"},{\"@type\":\"ListItem\",\"position\":2,\"name\":\"Prata med en expert - Jobsafe - sc\"}]},{\"@type\":\"WebSite\",\"@id\":\"https:\/\/infobric.se\/workforce\/sv\/#website\",\"url\":\"https:\/\/infobric.se\/workforce\/sv\/\",\"name\":\"Workforce Sverige\",\"description\":\"\",\"potentialAction\":[{\"@type\":\"SearchAction\",\"target\":{\"@type\":\"EntryPoint\",\"urlTemplate\":\"https:\/\/infobric.se\/workforce\/sv\/?s={search_term_string}\"},\"query-input\":\"required name=search_term_string\"}],\"inLanguage\":\"sv-SE\"},{\"@type\":\"ImageObject\",\"inLanguage\":\"sv-SE\",\"@id\":\"https:\/\/infobric.se\/workforce\/sv\/prata-med-en-expert-jobsafe-sc\/#local-main-organization-logo\",\"url\":\"\",\"contentUrl\":\"\",\"caption\":\"Infobric\"}]}<\/script>\n<meta name=\"geo.placename\" content=\"J\u00f6nk\u00f6ping\" \/>\n<meta name=\"geo.position\" content=\"57.7793699640167;14.160185756271622\" \/>\n<meta name=\"geo.region\" content=\"Sverige\" \/>\n<!-- \/ Yoast SEO Premium plugin. -->","yoast_head_json":{"title":"Prata med en expert - Jobsafe - sc - Infobric Workforce","robots":{"index":"noindex","follow":"nofollow"},"og_locale":"sv_SE","og_type":"article","og_title":"Prata med en expert - Jobsafe - sc","og_description":"Prata med en expert! Fyll i dina uppgifter s\u00e5 kontaktar vi dig inom kort. F\u00f6r- &amp; EfternamnF\u00f6retagEpostadressTelefonnummer Jag godk\u00e4nner IntegritetspolicynThis site is protected by reCAPTCHA and the Google Privacy Policy and Terms of Service apply.SKICKA","og_url":"https:\/\/infobric.se\/workforce\/sv\/prata-med-en-expert-jobsafe-sc\/","og_site_name":"Workforce Sverige","article_publisher":"https:\/\/www.facebook.com\/InfobricSE","article_modified_time":"2025-06-10T11:28:35+00:00","twitter_card":"summary_large_image","schema":{"@context":"https:\/\/schema.org","@graph":[{"@type":"WebPage","@id":"https:\/\/infobric.se\/workforce\/sv\/prata-med-en-expert-jobsafe-sc\/","url":"https:\/\/infobric.se\/workforce\/sv\/prata-med-en-expert-jobsafe-sc\/","name":"Prata med en expert - Jobsafe - sc - Infobric Workforce","isPartOf":{"@id":"https:\/\/infobric.se\/workforce\/sv\/#website"},"datePublished":"2025-06-10T11:25:48+00:00","dateModified":"2025-06-10T11:28:35+00:00","breadcrumb":{"@id":"https:\/\/infobric.se\/workforce\/sv\/prata-med-en-expert-jobsafe-sc\/#breadcrumb"},"inLanguage":"sv-SE","potentialAction":[{"@type":"ReadAction","target":["https:\/\/infobric.se\/workforce\/sv\/prata-med-en-expert-jobsafe-sc\/"]}]},{"@type":"BreadcrumbList","@id":"https:\/\/infobric.se\/workforce\/sv\/prata-med-en-expert-jobsafe-sc\/#breadcrumb","itemListElement":[{"@type":"ListItem","position":1,"name":"Home","item":"https:\/\/infobric.se\/workforce\/sv\/"},{"@type":"ListItem","position":2,"name":"Prata med en expert - Jobsafe - sc"}]},{"@type":"WebSite","@id":"https:\/\/infobric.se\/workforce\/sv\/#website","url":"https:\/\/infobric.se\/workforce\/sv\/","name":"Workforce Sverige","description":"","potentialAction":[{"@type":"SearchAction","target":{"@type":"EntryPoint","urlTemplate":"https:\/\/infobric.se\/workforce\/sv\/?s={search_term_string}"},"query-input":"required name=search_term_string"}],"inLanguage":"sv-SE"},{"@type":"ImageObject","inLanguage":"sv-SE","@id":"https:\/\/infobric.se\/workforce\/sv\/prata-med-en-expert-jobsafe-sc\/#local-main-organization-logo","url":"","contentUrl":"","caption":"Infobric"}]},"geo.placename":"J\u00f6nk\u00f6ping","geo.position":{"lat":"57.7793699640167","long":"14.160185756271622"},"geo.region":"Sverige"},"_links":{"self":[{"href":"https:\/\/infobric.se\/workforce\/sv\/wp-json\/wp\/v2\/pages\/10872"}],"collection":[{"href":"https:\/\/infobric.se\/workforce\/sv\/wp-json\/wp\/v2\/pages"}],"about":[{"href":"https:\/\/infobric.se\/workforce\/sv\/wp-json\/wp\/v2\/types\/page"}],"author":[{"embeddable":true,"href":"https:\/\/infobric.se\/workforce\/sv\/wp-json\/wp\/v2\/users\/9"}],"replies":[{"embeddable":true,"href":"https:\/\/infobric.se\/workforce\/sv\/wp-json\/wp\/v2\/comments?post=10872"}],"version-history":[{"count":8,"href":"https:\/\/infobric.se\/workforce\/sv\/wp-json\/wp\/v2\/pages\/10872\/revisions"}],"predecessor-version":[{"id":10883,"href":"https:\/\/infobric.se\/workforce\/sv\/wp-json\/wp\/v2\/pages\/10872\/revisions\/10883"}],"wp:attachment":[{"href":"https:\/\/infobric.se\/workforce\/sv\/wp-json\/wp\/v2\/media?parent=10872"}],"curies":[{"name":"wp","href":"https:\/\/api.w.org\/{rel}","templated":true}]}}