{"id":3817,"date":"2024-08-21T08:44:51","date_gmt":"2024-08-21T08:44:51","guid":{"rendered":"https:\/\/infobric.se\/equipment-assets\/?page_id=3817"},"modified":"2024-09-10T12:39:57","modified_gmt":"2024-09-10T12:39:57","slug":"boka-demo","status":"publish","type":"page","link":"https:\/\/infobric.se\/equipment-assets\/sv\/losningar\/equipment-management\/boka-demo\/","title":{"rendered":"Boka demo &#8211; Equipment"},"content":{"rendered":"\t\t<div data-elementor-type=\"wp-page\" data-elementor-id=\"3817\" class=\"elementor elementor-3817\" data-elementor-post-type=\"page\">\n\t\t\t\t<div class=\"elementor-element elementor-element-408197e0 e-flex e-con-boxed e-con e-parent\" data-id=\"408197e0\" data-element_type=\"container\" data-settings=\"{&quot;background_background&quot;:&quot;classic&quot;}\">\n\t\t\t\t\t<div class=\"e-con-inner\">\n\t\t<div class=\"elementor-element elementor-element-134594fc e-con-full e-flex e-con e-child\" data-id=\"134594fc\" data-element_type=\"container\" data-settings=\"{&quot;background_background&quot;:&quot;classic&quot;}\">\n\t\t<div class=\"elementor-element elementor-element-71f9c751 e-flex e-con-boxed e-con e-child\" data-id=\"71f9c751\" data-element_type=\"container\" data-settings=\"{&quot;background_background&quot;:&quot;classic&quot;}\">\n\t\t\t\t\t<div class=\"e-con-inner\">\n\t\t\t\t<div class=\"elementor-element elementor-element-10d06f17 elementor-widget elementor-widget-heading\" data-id=\"10d06f17\" data-element_type=\"widget\" data-widget_type=\"heading.default\">\n\t\t\t\t<div class=\"elementor-widget-container\">\n\t\t\t<h1 class=\"elementor-heading-title elementor-size-default\">Boka en demo.<\/h1>\t\t<\/div>\n\t\t\t\t<\/div>\n\t\t\t\t<div class=\"elementor-element elementor-element-3e219ea7 elementor-widget elementor-widget-text-editor\" data-id=\"3e219ea7\" data-element_type=\"widget\" data-widget_type=\"text-editor.default\">\n\t\t\t\t<div class=\"elementor-widget-container\">\n\t\t\t\t\t\t\t<p>Intresserad av att se mer av Equipment? Fyll i formul\u00e4ret s\u00e5 kommer vi att kontakta dig inom kort.<\/p>\t\t\t\t\t\t<\/div>\n\t\t\t\t<\/div>\n\t\t\t\t<div class=\"elementor-element elementor-element-46f0a1aa elementor-widget elementor-widget-hello-world\" data-id=\"46f0a1aa\" data-element_type=\"widget\" data-widget_type=\"hello-world.default\">\n\t\t\t\t<div class=\"elementor-widget-container\">\n\t\t\t<h2 class=\"upsales-title\"><\/h2><form id=\"form_eq_se_demo\" method=\"post\" class=\"upsales-form\"><input type=\"hidden\" name=\"form-businessarea\" value=\"Equipment\" disabled \/><input type=\"hidden\" name=\"form-category\" value=\"BookDemo\" disabled \/><input type=\"hidden\" name=\"formCid\" value=\"9406\" \/><input type=\"hidden\" name=\"formId\" value=\"9406u0d2719f0b35f476baf5351fca16eb63e\" \/><input type=\"hidden\" name=\"recaptcha_response\" id=\"recaptchaResponse-9406ufdd1a6348d6a4cf8b3c9aa022b21b93d\"><label>Epost<input type=\"email\" name=\"Contact.email\" \/><\/label><label>Namn<input type=\"text\" name=\"Contact.name\" \/><\/label><label>F\u00f6retag<input type=\"text\" name=\"Client.name\" \/><\/label><label>Telefonnummer<input type=\"text\" name=\"Contact.phone\" \/><\/label><div><label class=\"switch\"><input required type=\"checkbox\"><span class=\"slider\"><\/span><\/label> Jag godk\u00e4nner <a href=\"https:\/\/infobric.com\/sv\/integritetspolicy\/\" target=\"_blank\">Integritetspolicyn<\/a><\/div><div class=\"fleetlookup-external-recaptcha-text recaptcha-badge-text\">This site is protected by reCAPTCHA and the Google <a href=\"https:\/\/policies.google.com\/privacy\" target=\"_blank\">Privacy Policy<\/a> and <a href=\"https:\/\/policies.google.com\/terms\" target=\"_blank\">Terms of Service<\/a> apply.<\/div><div class='fleetlookup-external-recaptcha-wrapper' id='fleet-recaptcha-inline-badge'><\/div><script>\n\t\tvar valid = false;\n\t\tvar validated = 0;\n\t\tjQuery('.upsales-form').ready(function(e) {\n\t\t\t\n\t\t\tvar recaptchaInterval = setInterval(function() {\n\t\t\tvalidated++;\n\t\t\tvar form = jQuery(this);\n\t\t\tjQuery.ajax({\n\t\t\t\turl: window.location.origin+'\/verify_recaptcha.php', \n\t\t\t\ttype: 'POST',\n\t\t\t\tdata: {\n\t\t\t\t\trecaptcha_response: jQuery('#recaptchaResponse-9406ufdd1a6348d6a4cf8b3c9aa022b21b93d').val()\n\t\t\t\t},\n\t\t\t\tsuccess: function(response) {\n        var response = JSON.parse(response);\n\t\t\t\tconsole.log(response);\n\t\t\t\tif (response.success && response.score > 0.5) {\n\t\t\t\t\tvalid = true;\n\t\t\t\t\tjQuery('.upsales-form').attr('action', 'https:\/\/power.upsales.com\/api\/external\/formSubmit');\n\t\t\t\t}\n\t\t\t\t},\n\t\t\t\terror: function(xhr, status) {\n\t\t\t\tconsole.log(xhr, status);\n\t\t\t\t}\n\t\t\t\t});\n\t\t\t\tif (valid || validated > 20) {\n\t\t\t\t\tconsole.log(validated);\n\t\t\t\t\tclearInterval(recaptchaInterval);\n\t\t\t\t}\n\t\t\t},1500);\n\t\t\t\n\t\t});\n\n\t\tjQuery('.upsales-form').submit(function(e) {\n\t\t\tif (!valid) {\n\t\t\t\te.preventDefault();\n\t\t\t}\n\t\t});\n\t\tfunction onFleetRecaptchaLoadCallback() {\n    var recaptchas = document.getElementsByName('recaptcha_response');\n\t\tvar clientId = grecaptcha.render('fleet-recaptcha-inline-badge', {\n\t\t\t'sitekey': '6Ld5itcZAAAAAFzkP8Tn7RWnfbRYU9LvBmKhBzQj',\n\t\t\t'badge': 'inline',\n\t\t\t'size': 'invisible'\n\t\t});\n\t\n\t\tgrecaptcha.ready(function() {\n    for (i=0; i<recaptchas.length;i++) {\n\t\t\tgrecaptcha.execute(clientId, {\n\t\t\t\t\taction: 'action_name'\n\t\t\t\t})\n\t\t\t\t.then(function(token) {\n\t\t\t\t\t\/\/ Verify the token on the server.\n          var added = false;\n          for (i=0; i<recaptchas.length;i++) {\n            var element = recaptchas[i];\n            if (element.value == '' && !added) {\n\t\t\t\t\t    element.value = token;\n              added = true;\n            }\n          }\n\t\t\t\t});\n    }\n\t\t});\n\t}\n\t\t<\/script><button class=\"upsales-form-submit\" type=\"submit\" style=\"background-color:#E57D3E\" \/><span>Skicka<\/span><\/button><\/form>\t\t<\/div>\n\t\t\t\t<\/div>\n\t\t\t\t\t<\/div>\n\t\t\t\t<\/div>\n\t\t\t\t<\/div>\n\t\t\t\t\t<\/div>\n\t\t\t\t<\/div>\n\t\t<div class=\"elementor-element elementor-element-e733a3d e-flex e-con-boxed e-con e-parent\" data-id=\"e733a3d\" data-element_type=\"container\">\n\t\t\t\t\t<div class=\"e-con-inner\">\n\t\t\t\t<div class=\"elementor-element elementor-element-4248c7d elementor-widget elementor-widget-infobric_read_more\" data-id=\"4248c7d\" data-element_type=\"widget\" data-widget_type=\"infobric_read_more.default\">\n\t\t\t\t<div class=\"elementor-widget-container\">\n\t\t\t        <div class=\"read-more-widget\">\n            <div class=\"read-more-widget-content\">\n                <h4 class=\"global-headline global-headline-l\">Fler tj\u00e4nster fr\u00e5n oss.<\/h4>\n                <div class=\"read-more-wrapper\">\n                                            <div class=\"read-more-post-item\">\n                            <img loading=\"lazy\" width=\"1024\" height=\"683\" src=\"https:\/\/infobric.se\/equipment-assets\/wp-content\/uploads\/sites\/21\/2025\/10\/4B9A1126-WEBB-1024x683.avif\" class=\"attachment-large size-large\" alt=\"\" loading=\"lazy\" decoding=\"async\" sizes=\"(max-width: 767px) 100vw, 33vw\" srcset=\"https:\/\/infobric.se\/equipment-assets\/wp-content\/uploads\/sites\/21\/2025\/10\/4B9A1126-WEBB-1024x683.avif 1024w, https:\/\/infobric.se\/equipment-assets\/wp-content\/uploads\/sites\/21\/2025\/10\/4B9A1126-WEBB-300x200.avif 300w, https:\/\/infobric.se\/equipment-assets\/wp-content\/uploads\/sites\/21\/2025\/10\/4B9A1126-WEBB-768x512.avif 768w, https:\/\/infobric.se\/equipment-assets\/wp-content\/uploads\/sites\/21\/2025\/10\/4B9A1126-WEBB-600x400.avif 600w, https:\/\/infobric.se\/equipment-assets\/wp-content\/uploads\/sites\/21\/2025\/10\/4B9A1126-WEBB.avif 1137w\" \/>                            <div class=\"read-more-post-item-wrapper\">\n                                <div class=\"read-more-post-item-text-wrapper\">\n                                    <h6 class=\"global-headline global-headline-xs\">Infobric Fleet<\/h6>\n                                    <p class=\"global-body-light-m\">Automatiserar manuellt arbete f\u00f6r f\u00f6rare, fordonsansvarig och ekonomi. Med v\u00e5rt kompletta fordonsregister kan du enkelt hanterar service\u00e4renden, fordonskostnader, elektroniska k\u00f6rjournaler och mycket mer.<\/p>\n                                <\/div>\n                                <a class=\"ib-button-link ib-button-link-light-bg global-body-button \" href=\"https:\/\/infobric.se\/equipment-assets\/sv\/plattformar\/infobric-fleet\/\"  >\n                                    L\u00e4s mer                                    <svg xmlns=\"http:\/\/www.w3.org\/2000\/svg\" width=\"8\" height=\"11\" viewBox=\"0 0 8 11\" fill=\"none\">\n                                        <path d=\"M2 9.5L6 5.5L2 1.5\" stroke=\"#1D2C38\" stroke-width=\"2.4\" stroke-miterlimit=\"10\" stroke-linecap=\"round\" stroke-linejoin=\"round\"\/>\n                                    <\/svg>\n                                <\/a>\n                            <\/div>\n                        <\/div>\n                                            <div class=\"read-more-post-item\">\n                            <img loading=\"lazy\" width=\"758\" height=\"488\" src=\"https:\/\/infobric.se\/equipment-assets\/wp-content\/uploads\/sites\/21\/2025\/10\/INFOBRIC_B2A2889-WEBB.avif\" class=\"attachment-large size-large\" alt=\"\" loading=\"lazy\" decoding=\"async\" sizes=\"(max-width: 767px) 100vw, 33vw\" srcset=\"https:\/\/infobric.se\/equipment-assets\/wp-content\/uploads\/sites\/21\/2025\/10\/INFOBRIC_B2A2889-WEBB.avif 758w, https:\/\/infobric.se\/equipment-assets\/wp-content\/uploads\/sites\/21\/2025\/10\/INFOBRIC_B2A2889-WEBB-300x193.avif 300w, https:\/\/infobric.se\/equipment-assets\/wp-content\/uploads\/sites\/21\/2025\/10\/INFOBRIC_B2A2889-WEBB-600x386.avif 600w\" \/>                            <div class=\"read-more-post-item-wrapper\">\n                                <div class=\"read-more-post-item-text-wrapper\">\n                                    <h6 class=\"global-headline global-headline-xs\">Infobric Machines<\/h6>\n                                    <p class=\"global-body-light-m\">Med v\u00e5ra l\u00f6sningar f\u00f6r maskiner kan du enkelt \u00f6vervaka n\u00e4r, var och hur dina maskiner anv\u00e4nds. Analysera sedan datan och justera er anv\u00e4ndning d\u00e4refter, och f\u00e5 en effektivare  verksamhet...<\/p>\n                                <\/div>\n                                <a class=\"ib-button-link ib-button-link-light-bg global-body-button \" href=\"https:\/\/infobric.se\/equipment-assets\/sv\/plattformar\/infobric-machines\/\"  >\n                                    L\u00e4s mer                                    <svg xmlns=\"http:\/\/www.w3.org\/2000\/svg\" width=\"8\" height=\"11\" viewBox=\"0 0 8 11\" fill=\"none\">\n                                        <path d=\"M2 9.5L6 5.5L2 1.5\" stroke=\"#1D2C38\" stroke-width=\"2.4\" stroke-miterlimit=\"10\" stroke-linecap=\"round\" stroke-linejoin=\"round\"\/>\n                                    <\/svg>\n                                <\/a>\n                            <\/div>\n                        <\/div>\n                                            <div class=\"read-more-post-item\">\n                            <img loading=\"lazy\" width=\"758\" height=\"488\" src=\"https:\/\/infobric.se\/equipment-assets\/wp-content\/uploads\/sites\/21\/2025\/10\/INFOBRIC_B2A2792-WEBB.avif\" class=\"attachment-large size-large\" alt=\"\" loading=\"lazy\" decoding=\"async\" sizes=\"(max-width: 767px) 100vw, 33vw\" srcset=\"https:\/\/infobric.se\/equipment-assets\/wp-content\/uploads\/sites\/21\/2025\/10\/INFOBRIC_B2A2792-WEBB.avif 758w, https:\/\/infobric.se\/equipment-assets\/wp-content\/uploads\/sites\/21\/2025\/10\/INFOBRIC_B2A2792-WEBB-300x193.avif 300w, https:\/\/infobric.se\/equipment-assets\/wp-content\/uploads\/sites\/21\/2025\/10\/INFOBRIC_B2A2792-WEBB-600x386.avif 600w\" \/>                            <div class=\"read-more-post-item-wrapper\">\n                                <div class=\"read-more-post-item-text-wrapper\">\n                                    <h6 class=\"global-headline global-headline-xs\">Infobric Workorder<\/h6>\n                                    <p class=\"global-body-light-m\">Arbetsorderhantering utvecklad f\u00f6r byggbranschen. F\u00e5 b\u00e5de \u00f6versikt och detaljerad insyn i projekten \u2013 fr\u00e5n start till slut. Minska administrationen, f\u00e5 full koll p\u00e5 vinsten och \u00f6ka produktiviteten.<\/p>\n                                <\/div>\n                                <a class=\"ib-button-link ib-button-link-light-bg global-body-button \" href=\"https:\/\/infobric.se\/equipment-assets\/sv\/plattformar\/infobric-workorder\/\"  >\n                                    L\u00e4s mer                                    <svg xmlns=\"http:\/\/www.w3.org\/2000\/svg\" width=\"8\" height=\"11\" viewBox=\"0 0 8 11\" fill=\"none\">\n                                        <path d=\"M2 9.5L6 5.5L2 1.5\" stroke=\"#1D2C38\" stroke-width=\"2.4\" stroke-miterlimit=\"10\" stroke-linecap=\"round\" stroke-linejoin=\"round\"\/>\n                                    <\/svg>\n                                <\/a>\n                            <\/div>\n                        <\/div>\n                                    <\/div>\n            <\/div>\n        <\/div>\n        \t\t<\/div>\n\t\t\t\t<\/div>\n\t\t\t\t\t<\/div>\n\t\t\t\t<\/div>\n\t\t\t\t<\/div>\n\t\t","protected":false},"excerpt":{"rendered":"<p>Boka en demo. Intresserad av att se mer av Equipment? Fyll i formul\u00e4ret s\u00e5 kommer vi att kontakta dig inom kort. EpostNamnF\u00f6retagTelefonnummer Jag godk\u00e4nner IntegritetspolicynThis site is protected by reCAPTCHA and the Google Privacy Policy and Terms of Service apply.Skicka Fler tj\u00e4nster fr\u00e5n oss. Infobric&#8230;<\/p>\n","protected":false},"author":38,"featured_media":0,"parent":163,"menu_order":0,"comment_status":"closed","ping_status":"closed","template":"","meta":{"_acf_changed":false,"footnotes":""},"acf":[],"yoast_head":"<!-- This site is optimized with the Yoast SEO Premium plugin v22.5 (Yoast SEO v22.5) - https:\/\/yoast.com\/wordpress\/plugins\/seo\/ -->\n<title>Boka demo - Equipment - Infobric Equipment &amp; Assets<\/title>\n<meta name=\"robots\" content=\"index, follow, max-snippet:-1, max-image-preview:large, max-video-preview:-1\" \/>\n<link rel=\"canonical\" href=\"https:\/\/infobric.se\/equipment-assets\/sv\/losningar\/equipment-management\/boka-demo\/\" \/>\n<meta property=\"og:locale\" content=\"sv_SE\" \/>\n<meta property=\"og:type\" content=\"article\" \/>\n<meta property=\"og:title\" content=\"Boka demo - Equipment\" \/>\n<meta property=\"og:description\" content=\"Boka en demo. Intresserad av att se mer av Equipment? Fyll i formul\u00e4ret s\u00e5 kommer vi att kontakta dig inom kort. EpostNamnF\u00f6retagTelefonnummer Jag godk\u00e4nner IntegritetspolicynThis site is protected by reCAPTCHA and the Google Privacy Policy and Terms of Service apply.Skicka Fler tj\u00e4nster fr\u00e5n oss. Infobric...\" \/>\n<meta property=\"og:url\" content=\"https:\/\/infobric.se\/equipment-assets\/sv\/losningar\/equipment-management\/boka-demo\/\" \/>\n<meta property=\"og:site_name\" content=\"Equipment &amp; Assets Sverige\" \/>\n<meta property=\"article:modified_time\" content=\"2024-09-10T12:39:57+00:00\" \/>\n<meta property=\"og:image\" content=\"https:\/\/infobric.se\/equipment-assets\/wp-content\/uploads\/sites\/21\/2024\/09\/4B9A1126-WEBB.jpg\" \/>\n<meta name=\"twitter:card\" content=\"summary_large_image\" \/>\n<script type=\"application\/ld+json\" class=\"yoast-schema-graph\">{\"@context\":\"https:\/\/schema.org\",\"@graph\":[{\"@type\":\"WebPage\",\"@id\":\"https:\/\/infobric.se\/equipment-assets\/sv\/losningar\/equipment-management\/boka-demo\/\",\"url\":\"https:\/\/infobric.se\/equipment-assets\/sv\/losningar\/equipment-management\/boka-demo\/\",\"name\":\"Boka demo - Equipment - Infobric Equipment & Assets\",\"isPartOf\":{\"@id\":\"https:\/\/infobric.se\/equipment-assets\/sv\/#website\"},\"primaryImageOfPage\":{\"@id\":\"https:\/\/infobric.se\/equipment-assets\/sv\/losningar\/equipment-management\/boka-demo\/#primaryimage\"},\"image\":{\"@id\":\"https:\/\/infobric.se\/equipment-assets\/sv\/losningar\/equipment-management\/boka-demo\/#primaryimage\"},\"thumbnailUrl\":\"https:\/\/infobric.se\/equipment-assets\/wp-content\/uploads\/sites\/21\/2024\/09\/4B9A1126-WEBB.jpg\",\"datePublished\":\"2024-08-21T08:44:51+00:00\",\"dateModified\":\"2024-09-10T12:39:57+00:00\",\"breadcrumb\":{\"@id\":\"https:\/\/infobric.se\/equipment-assets\/sv\/losningar\/equipment-management\/boka-demo\/#breadcrumb\"},\"inLanguage\":\"sv-SE\",\"potentialAction\":[{\"@type\":\"ReadAction\",\"target\":[\"https:\/\/infobric.se\/equipment-assets\/sv\/losningar\/equipment-management\/boka-demo\/\"]}]},{\"@type\":\"ImageObject\",\"inLanguage\":\"sv-SE\",\"@id\":\"https:\/\/infobric.se\/equipment-assets\/sv\/losningar\/equipment-management\/boka-demo\/#primaryimage\",\"url\":\"https:\/\/infobric.se\/equipment-assets\/wp-content\/uploads\/sites\/21\/2024\/09\/4B9A1126-WEBB.jpg\",\"contentUrl\":\"https:\/\/infobric.se\/equipment-assets\/wp-content\/uploads\/sites\/21\/2024\/09\/4B9A1126-WEBB.jpg\"},{\"@type\":\"BreadcrumbList\",\"@id\":\"https:\/\/infobric.se\/equipment-assets\/sv\/losningar\/equipment-management\/boka-demo\/#breadcrumb\",\"itemListElement\":[{\"@type\":\"ListItem\",\"position\":1,\"name\":\"Home\",\"item\":\"https:\/\/infobric.se\/equipment-assets\/sv\/\"},{\"@type\":\"ListItem\",\"position\":2,\"name\":\"Infobric Equipment\",\"item\":\"https:\/\/infobric.se\/equipment-assets\/sv\/plattformar\/infobric-equipment\/\"},{\"@type\":\"ListItem\",\"position\":3,\"name\":\"Boka demo - Equipment\"}]},{\"@type\":\"WebSite\",\"@id\":\"https:\/\/infobric.se\/equipment-assets\/sv\/#website\",\"url\":\"https:\/\/infobric.se\/equipment-assets\/sv\/\",\"name\":\"Equipment &amp; Assets Sverige\",\"description\":\"L\u00f6sningar f\u00f6r fordon, verktyg och orderhantering\",\"potentialAction\":[{\"@type\":\"SearchAction\",\"target\":{\"@type\":\"EntryPoint\",\"urlTemplate\":\"https:\/\/infobric.se\/equipment-assets\/sv\/?s={search_term_string}\"},\"query-input\":\"required name=search_term_string\"}],\"inLanguage\":\"sv-SE\"},{\"@type\":\"ImageObject\",\"inLanguage\":\"sv-SE\",\"@id\":\"https:\/\/infobric.se\/equipment-assets\/sv\/losningar\/equipment-management\/boka-demo\/#local-main-organization-logo\",\"url\":\"\",\"contentUrl\":\"\",\"caption\":\"Equipment &amp; Assets Sverige\"}]}<\/script>\n<!-- \/ Yoast SEO Premium plugin. -->","yoast_head_json":{"title":"Boka demo - Equipment - Infobric Equipment & Assets","robots":{"index":"index","follow":"follow","max-snippet":"max-snippet:-1","max-image-preview":"max-image-preview:large","max-video-preview":"max-video-preview:-1"},"canonical":"https:\/\/infobric.se\/equipment-assets\/sv\/losningar\/equipment-management\/boka-demo\/","og_locale":"sv_SE","og_type":"article","og_title":"Boka demo - Equipment","og_description":"Boka en demo. Intresserad av att se mer av Equipment? Fyll i formul\u00e4ret s\u00e5 kommer vi att kontakta dig inom kort. EpostNamnF\u00f6retagTelefonnummer Jag godk\u00e4nner IntegritetspolicynThis site is protected by reCAPTCHA and the Google Privacy Policy and Terms of Service apply.Skicka Fler tj\u00e4nster fr\u00e5n oss. Infobric...","og_url":"https:\/\/infobric.se\/equipment-assets\/sv\/losningar\/equipment-management\/boka-demo\/","og_site_name":"Equipment &amp; Assets Sverige","article_modified_time":"2024-09-10T12:39:57+00:00","og_image":[{"url":"https:\/\/infobric.se\/equipment-assets\/wp-content\/uploads\/sites\/21\/2024\/09\/4B9A1126-WEBB.jpg"}],"twitter_card":"summary_large_image","schema":{"@context":"https:\/\/schema.org","@graph":[{"@type":"WebPage","@id":"https:\/\/infobric.se\/equipment-assets\/sv\/losningar\/equipment-management\/boka-demo\/","url":"https:\/\/infobric.se\/equipment-assets\/sv\/losningar\/equipment-management\/boka-demo\/","name":"Boka demo - Equipment - Infobric Equipment & Assets","isPartOf":{"@id":"https:\/\/infobric.se\/equipment-assets\/sv\/#website"},"primaryImageOfPage":{"@id":"https:\/\/infobric.se\/equipment-assets\/sv\/losningar\/equipment-management\/boka-demo\/#primaryimage"},"image":{"@id":"https:\/\/infobric.se\/equipment-assets\/sv\/losningar\/equipment-management\/boka-demo\/#primaryimage"},"thumbnailUrl":"https:\/\/infobric.se\/equipment-assets\/wp-content\/uploads\/sites\/21\/2024\/09\/4B9A1126-WEBB.jpg","datePublished":"2024-08-21T08:44:51+00:00","dateModified":"2024-09-10T12:39:57+00:00","breadcrumb":{"@id":"https:\/\/infobric.se\/equipment-assets\/sv\/losningar\/equipment-management\/boka-demo\/#breadcrumb"},"inLanguage":"sv-SE","potentialAction":[{"@type":"ReadAction","target":["https:\/\/infobric.se\/equipment-assets\/sv\/losningar\/equipment-management\/boka-demo\/"]}]},{"@type":"ImageObject","inLanguage":"sv-SE","@id":"https:\/\/infobric.se\/equipment-assets\/sv\/losningar\/equipment-management\/boka-demo\/#primaryimage","url":"https:\/\/infobric.se\/equipment-assets\/wp-content\/uploads\/sites\/21\/2024\/09\/4B9A1126-WEBB.jpg","contentUrl":"https:\/\/infobric.se\/equipment-assets\/wp-content\/uploads\/sites\/21\/2024\/09\/4B9A1126-WEBB.jpg"},{"@type":"BreadcrumbList","@id":"https:\/\/infobric.se\/equipment-assets\/sv\/losningar\/equipment-management\/boka-demo\/#breadcrumb","itemListElement":[{"@type":"ListItem","position":1,"name":"Home","item":"https:\/\/infobric.se\/equipment-assets\/sv\/"},{"@type":"ListItem","position":2,"name":"Infobric Equipment","item":"https:\/\/infobric.se\/equipment-assets\/sv\/plattformar\/infobric-equipment\/"},{"@type":"ListItem","position":3,"name":"Boka demo - Equipment"}]},{"@type":"WebSite","@id":"https:\/\/infobric.se\/equipment-assets\/sv\/#website","url":"https:\/\/infobric.se\/equipment-assets\/sv\/","name":"Equipment &amp; Assets Sverige","description":"L\u00f6sningar f\u00f6r fordon, verktyg och orderhantering","potentialAction":[{"@type":"SearchAction","target":{"@type":"EntryPoint","urlTemplate":"https:\/\/infobric.se\/equipment-assets\/sv\/?s={search_term_string}"},"query-input":"required name=search_term_string"}],"inLanguage":"sv-SE"},{"@type":"ImageObject","inLanguage":"sv-SE","@id":"https:\/\/infobric.se\/equipment-assets\/sv\/losningar\/equipment-management\/boka-demo\/#local-main-organization-logo","url":"","contentUrl":"","caption":"Equipment &amp; Assets Sverige"}]}},"_links":{"self":[{"href":"https:\/\/infobric.se\/equipment-assets\/sv\/wp-json\/wp\/v2\/pages\/3817"}],"collection":[{"href":"https:\/\/infobric.se\/equipment-assets\/sv\/wp-json\/wp\/v2\/pages"}],"about":[{"href":"https:\/\/infobric.se\/equipment-assets\/sv\/wp-json\/wp\/v2\/types\/page"}],"author":[{"embeddable":true,"href":"https:\/\/infobric.se\/equipment-assets\/sv\/wp-json\/wp\/v2\/users\/38"}],"replies":[{"embeddable":true,"href":"https:\/\/infobric.se\/equipment-assets\/sv\/wp-json\/wp\/v2\/comments?post=3817"}],"version-history":[{"count":11,"href":"https:\/\/infobric.se\/equipment-assets\/sv\/wp-json\/wp\/v2\/pages\/3817\/revisions"}],"predecessor-version":[{"id":6093,"href":"https:\/\/infobric.se\/equipment-assets\/sv\/wp-json\/wp\/v2\/pages\/3817\/revisions\/6093"}],"up":[{"embeddable":true,"href":"https:\/\/infobric.se\/equipment-assets\/sv\/wp-json\/wp\/v2\/pages\/163"}],"wp:attachment":[{"href":"https:\/\/infobric.se\/equipment-assets\/sv\/wp-json\/wp\/v2\/media?parent=3817"}],"curies":[{"name":"wp","href":"https:\/\/api.w.org\/{rel}","templated":true}]}}