{"id":3708,"date":"2024-08-19T16:20:08","date_gmt":"2024-08-19T16:20:08","guid":{"rendered":"https:\/\/infobric.se\/equipment-assets\/?page_id=3708"},"modified":"2024-09-10T08:20:50","modified_gmt":"2024-09-10T08:20:50","slug":"boka-demo","status":"publish","type":"page","link":"https:\/\/infobric.se\/equipment-assets\/sv\/losningar\/fleet-management\/boka-demo\/","title":{"rendered":"Boka demo &#8211; Fleet"},"content":{"rendered":"\t\t<div data-elementor-type=\"wp-page\" data-elementor-id=\"3708\" class=\"elementor elementor-3708\" data-elementor-post-type=\"page\">\n\t\t\t\t<div class=\"elementor-element elementor-element-108bdbd1 e-flex e-con-boxed e-con e-parent\" data-id=\"108bdbd1\" data-element_type=\"container\" data-settings=\"{&quot;background_background&quot;:&quot;classic&quot;}\">\n\t\t\t\t\t<div class=\"e-con-inner\">\n\t\t<div class=\"elementor-element elementor-element-4e5b525 e-con-full e-flex e-con e-child\" data-id=\"4e5b525\" data-element_type=\"container\" data-settings=\"{&quot;background_background&quot;:&quot;classic&quot;}\">\n\t\t<div class=\"elementor-element elementor-element-33d175ed e-flex e-con-boxed e-con e-child\" data-id=\"33d175ed\" data-element_type=\"container\" data-settings=\"{&quot;background_background&quot;:&quot;classic&quot;}\">\n\t\t\t\t\t<div class=\"e-con-inner\">\n\t\t\t\t<div class=\"elementor-element elementor-element-2628009e elementor-widget elementor-widget-heading\" data-id=\"2628009e\" data-element_type=\"widget\" data-widget_type=\"heading.default\">\n\t\t\t\t<div class=\"elementor-widget-container\">\n\t\t\t<h1 class=\"elementor-heading-title elementor-size-default\">Boka en demo.<\/h1>\t\t<\/div>\n\t\t\t\t<\/div>\n\t\t\t\t<div class=\"elementor-element elementor-element-2def624e elementor-widget elementor-widget-text-editor\" data-id=\"2def624e\" data-element_type=\"widget\" data-widget_type=\"text-editor.default\">\n\t\t\t\t<div class=\"elementor-widget-container\">\n\t\t\t\t\t\t\t<p>Nyfiken p\u00e5 hur v\u00e5r tj\u00e4nst funkar? Boka en demo med oss. Vi visar dig runt och anpassar genomg\u00e5ngen efter dina behov.<\/p>\t\t\t\t\t\t<\/div>\n\t\t\t\t<\/div>\n\t\t\t\t<div class=\"elementor-element elementor-element-22430fe2 elementor-widget elementor-widget-hello-world\" data-id=\"22430fe2\" data-element_type=\"widget\" data-widget_type=\"hello-world.default\">\n\t\t\t\t<div class=\"elementor-widget-container\">\n\t\t\t<h2 class=\"upsales-title\"><\/h2><form id=\"form_fleet_se_demo\" method=\"post\" class=\"upsales-form\"><input type=\"hidden\" name=\"form-businessarea\" value=\"Fleet\" disabled \/><input type=\"hidden\" name=\"form-category\" value=\"BookDemo\" disabled \/><input type=\"hidden\" name=\"formCid\" value=\"9406\" \/><input type=\"hidden\" name=\"formId\" value=\"9406u64cb0f92b911421b859794a7c435157f\" \/><input type=\"hidden\" name=\"recaptcha_response\" id=\"recaptchaResponse-9406u9b54948dfe104ab3af7f395fe7674dd4\"><label>Epost<input type=\"email\" name=\"Contact.email\" \/><\/label><label>Namn<input type=\"text\" name=\"Contact.name\" \/><\/label><label>F\u00f6retag<input type=\"text\" name=\"Client.name\" \/><\/label><label>Telefonnummer<input type=\"text\" name=\"Contact.phone\" \/><\/label><div><label class=\"switch\"><input required type=\"checkbox\"><span class=\"slider\"><\/span><\/label> Jag godk\u00e4nner <a href=\"https:\/\/infobric.com\/sv\/integritetspolicy\/\" target=\"_blank\">Integritetspolicyn<\/a><\/div><div class=\"fleetlookup-external-recaptcha-text recaptcha-badge-text\">This site is protected by reCAPTCHA and the Google <a href=\"https:\/\/policies.google.com\/privacy\" target=\"_blank\">Privacy Policy<\/a> and <a href=\"https:\/\/policies.google.com\/terms\" target=\"_blank\">Terms of Service<\/a> apply.<\/div><div class='fleetlookup-external-recaptcha-wrapper' id='fleet-recaptcha-inline-badge'><\/div><script>\n\t\tvar valid = false;\n\t\tvar validated = 0;\n\t\tjQuery('.upsales-form').ready(function(e) {\n\t\t\t\n\t\t\tvar recaptchaInterval = setInterval(function() {\n\t\t\tvalidated++;\n\t\t\tvar form = jQuery(this);\n\t\t\tjQuery.ajax({\n\t\t\t\turl: window.location.origin+'\/verify_recaptcha.php', \n\t\t\t\ttype: 'POST',\n\t\t\t\tdata: {\n\t\t\t\t\trecaptcha_response: jQuery('#recaptchaResponse-9406u9b54948dfe104ab3af7f395fe7674dd4').val()\n\t\t\t\t},\n\t\t\t\tsuccess: function(response) {\n        var response = JSON.parse(response);\n\t\t\t\tconsole.log(response);\n\t\t\t\tif (response.success && response.score > 0.5) {\n\t\t\t\t\tvalid = true;\n\t\t\t\t\tjQuery('.upsales-form').attr('action', 'https:\/\/power.upsales.com\/api\/external\/formSubmit');\n\t\t\t\t}\n\t\t\t\t},\n\t\t\t\terror: function(xhr, status) {\n\t\t\t\tconsole.log(xhr, status);\n\t\t\t\t}\n\t\t\t\t});\n\t\t\t\tif (valid || validated > 20) {\n\t\t\t\t\tconsole.log(validated);\n\t\t\t\t\tclearInterval(recaptchaInterval);\n\t\t\t\t}\n\t\t\t},1500);\n\t\t\t\n\t\t});\n\n\t\tjQuery('.upsales-form').submit(function(e) {\n\t\t\tif (!valid) {\n\t\t\t\te.preventDefault();\n\t\t\t}\n\t\t});\n\t\tfunction onFleetRecaptchaLoadCallback() {\n    var recaptchas = document.getElementsByName('recaptcha_response');\n\t\tvar clientId = grecaptcha.render('fleet-recaptcha-inline-badge', {\n\t\t\t'sitekey': '6Ld5itcZAAAAAFzkP8Tn7RWnfbRYU9LvBmKhBzQj',\n\t\t\t'badge': 'inline',\n\t\t\t'size': 'invisible'\n\t\t});\n\t\n\t\tgrecaptcha.ready(function() {\n    for (i=0; i<recaptchas.length;i++) {\n\t\t\tgrecaptcha.execute(clientId, {\n\t\t\t\t\taction: 'action_name'\n\t\t\t\t})\n\t\t\t\t.then(function(token) {\n\t\t\t\t\t\/\/ Verify the token on the server.\n          var added = false;\n          for (i=0; i<recaptchas.length;i++) {\n            var element = recaptchas[i];\n            if (element.value == '' && !added) {\n\t\t\t\t\t    element.value = token;\n              added = true;\n            }\n          }\n\t\t\t\t});\n    }\n\t\t});\n\t}\n\t\t<\/script><button class=\"upsales-form-submit\" type=\"submit\" style=\"background-color:#E57D3E\" \/><span>Boka demo<\/span><\/button><\/form>\t\t<\/div>\n\t\t\t\t<\/div>\n\t\t\t\t\t<\/div>\n\t\t\t\t<\/div>\n\t\t\t\t<\/div>\n\t\t\t\t\t<\/div>\n\t\t\t\t<\/div>\n\t\t<div class=\"elementor-element elementor-element-d5b2a60 e-flex e-con-boxed e-con e-parent\" data-id=\"d5b2a60\" data-element_type=\"container\">\n\t\t\t\t\t<div class=\"e-con-inner\">\n\t\t\t\t<div class=\"elementor-element elementor-element-16d3b4f elementor-widget elementor-widget-infobric_read_more\" data-id=\"16d3b4f\" data-element_type=\"widget\" data-widget_type=\"infobric_read_more.default\">\n\t\t\t\t<div class=\"elementor-widget-container\">\n\t\t\t        <div class=\"read-more-widget\">\n            <div class=\"read-more-widget-content\">\n                <h4 class=\"global-headline global-headline-l\">Fler tj\u00e4nster fr\u00e5n oss.<\/h4>\n                <div class=\"read-more-wrapper\">\n                                            <div class=\"read-more-post-item\">\n                            <img loading=\"lazy\" width=\"758\" height=\"488\" src=\"https:\/\/infobric.se\/equipment-assets\/wp-content\/uploads\/sites\/21\/2025\/10\/INFOBRIC_B2A2549-WEBB.avif\" class=\"attachment-large size-large\" alt=\"\" loading=\"lazy\" decoding=\"async\" sizes=\"(max-width: 767px) 100vw, 33vw\" srcset=\"https:\/\/infobric.se\/equipment-assets\/wp-content\/uploads\/sites\/21\/2025\/10\/INFOBRIC_B2A2549-WEBB.avif 758w, https:\/\/infobric.se\/equipment-assets\/wp-content\/uploads\/sites\/21\/2025\/10\/INFOBRIC_B2A2549-WEBB-300x193.avif 300w, https:\/\/infobric.se\/equipment-assets\/wp-content\/uploads\/sites\/21\/2025\/10\/INFOBRIC_B2A2549-WEBB-600x386.avif 600w\" \/>                            <div class=\"read-more-post-item-wrapper\">\n                                <div class=\"read-more-post-item-text-wrapper\">\n                                    <h6 class=\"global-headline global-headline-xs\">Infobric Hyrma<\/h6>\n                                    <p class=\"global-body-light-m\">Ta hj\u00e4lp av v\u00e5rt digitala verktyg f\u00f6r att effektivisera er uthyrning, lagerhantering och fakturering. En modern och smart l\u00f6sning som g\u00f6r det enkelt att h\u00e5lla ordning p\u00e5 alla detaljer.<\/p>\n                                <\/div>\n                                <a class=\"ib-button-link ib-button-link-light-bg global-body-button \" href=\"https:\/\/infobric.se\/equipment-assets\/sv\/plattformar\/infobric-hyrma\/\"  >\n                                    L\u00e4s mer                                    <svg xmlns=\"http:\/\/www.w3.org\/2000\/svg\" width=\"8\" height=\"11\" viewBox=\"0 0 8 11\" fill=\"none\">\n                                        <path d=\"M2 9.5L6 5.5L2 1.5\" stroke=\"#1D2C38\" stroke-width=\"2.4\" stroke-miterlimit=\"10\" stroke-linecap=\"round\" stroke-linejoin=\"round\"\/>\n                                    <\/svg>\n                                <\/a>\n                            <\/div>\n                        <\/div>\n                                            <div class=\"read-more-post-item\">\n                            <img loading=\"lazy\" width=\"758\" height=\"488\" src=\"https:\/\/infobric.se\/equipment-assets\/wp-content\/uploads\/sites\/21\/2025\/10\/INFOBRIC_B2A2792-WEBB.avif\" class=\"attachment-large size-large\" alt=\"\" loading=\"lazy\" decoding=\"async\" sizes=\"(max-width: 767px) 100vw, 33vw\" srcset=\"https:\/\/infobric.se\/equipment-assets\/wp-content\/uploads\/sites\/21\/2025\/10\/INFOBRIC_B2A2792-WEBB.avif 758w, https:\/\/infobric.se\/equipment-assets\/wp-content\/uploads\/sites\/21\/2025\/10\/INFOBRIC_B2A2792-WEBB-300x193.avif 300w, https:\/\/infobric.se\/equipment-assets\/wp-content\/uploads\/sites\/21\/2025\/10\/INFOBRIC_B2A2792-WEBB-600x386.avif 600w\" \/>                            <div class=\"read-more-post-item-wrapper\">\n                                <div class=\"read-more-post-item-text-wrapper\">\n                                    <h6 class=\"global-headline global-headline-xs\">Infobric Workorder<\/h6>\n                                    <p class=\"global-body-light-m\">Arbetsorderhantering utvecklad f\u00f6r byggbranschen. F\u00e5 b\u00e5de \u00f6versikt och detaljerad insyn i projekten \u2013 fr\u00e5n start till slut. Minska administrationen, f\u00e5 full koll p\u00e5 vinsten och \u00f6ka produktiviteten.<\/p>\n                                <\/div>\n                                <a class=\"ib-button-link ib-button-link-light-bg global-body-button \" href=\"https:\/\/infobric.se\/equipment-assets\/sv\/plattformar\/infobric-workorder\/\"  >\n                                    L\u00e4s mer                                    <svg xmlns=\"http:\/\/www.w3.org\/2000\/svg\" width=\"8\" height=\"11\" viewBox=\"0 0 8 11\" fill=\"none\">\n                                        <path d=\"M2 9.5L6 5.5L2 1.5\" stroke=\"#1D2C38\" stroke-width=\"2.4\" stroke-miterlimit=\"10\" stroke-linecap=\"round\" stroke-linejoin=\"round\"\/>\n                                    <\/svg>\n                                <\/a>\n                            <\/div>\n                        <\/div>\n                                            <div class=\"read-more-post-item\">\n                            <img loading=\"lazy\" width=\"1024\" height=\"607\" src=\"https:\/\/infobric.se\/equipment-assets\/wp-content\/uploads\/sites\/21\/2025\/10\/4B9A3057-WEBB-1024x607.avif\" class=\"attachment-large size-large\" alt=\"\" loading=\"lazy\" decoding=\"async\" sizes=\"(max-width: 767px) 100vw, 33vw\" srcset=\"https:\/\/infobric.se\/equipment-assets\/wp-content\/uploads\/sites\/21\/2025\/10\/4B9A3057-WEBB-1024x607.avif 1024w, https:\/\/infobric.se\/equipment-assets\/wp-content\/uploads\/sites\/21\/2025\/10\/4B9A3057-WEBB-300x178.avif 300w, https:\/\/infobric.se\/equipment-assets\/wp-content\/uploads\/sites\/21\/2025\/10\/4B9A3057-WEBB-768x456.avif 768w, https:\/\/infobric.se\/equipment-assets\/wp-content\/uploads\/sites\/21\/2025\/10\/4B9A3057-WEBB-600x356.avif 600w, https:\/\/infobric.se\/equipment-assets\/wp-content\/uploads\/sites\/21\/2025\/10\/4B9A3057-WEBB.avif 1352w\" \/>                            <div class=\"read-more-post-item-wrapper\">\n                                <div class=\"read-more-post-item-text-wrapper\">\n                                    <h6 class=\"global-headline global-headline-xs\">Infobric Equipment<\/h6>\n                                    <p class=\"global-body-light-m\">En helhetsl\u00f6sning f\u00f6r full koll p\u00e5 utrustningen. Samla all data om dina maskiner, verktyg och annan utrustning i v\u00e5r digitala plattform f\u00f6r b\u00e4ttre kontroll, \u00f6versikt och effektivitet i din resurshantering...<\/p>\n                                <\/div>\n                                <a class=\"ib-button-link ib-button-link-light-bg global-body-button \" href=\"https:\/\/infobric.se\/equipment-assets\/sv\/plattformar\/infobric-equipment\/\"  >\n                                    L\u00e4s mer                                    <svg xmlns=\"http:\/\/www.w3.org\/2000\/svg\" width=\"8\" height=\"11\" viewBox=\"0 0 8 11\" fill=\"none\">\n                                        <path d=\"M2 9.5L6 5.5L2 1.5\" stroke=\"#1D2C38\" stroke-width=\"2.4\" stroke-miterlimit=\"10\" stroke-linecap=\"round\" stroke-linejoin=\"round\"\/>\n                                    <\/svg>\n                                <\/a>\n                            <\/div>\n                        <\/div>\n                                    <\/div>\n            <\/div>\n        <\/div>\n        \t\t<\/div>\n\t\t\t\t<\/div>\n\t\t\t\t\t<\/div>\n\t\t\t\t<\/div>\n\t\t\t\t<\/div>\n\t\t","protected":false},"excerpt":{"rendered":"<p>Boka en demo. Nyfiken p\u00e5 hur v\u00e5r tj\u00e4nst funkar? Boka en demo med oss. Vi visar dig runt och anpassar genomg\u00e5ngen efter dina behov. EpostNamnF\u00f6retagTelefonnummer Jag godk\u00e4nner IntegritetspolicynThis site is protected by reCAPTCHA and the Google Privacy Policy and Terms of Service apply.Boka demo Fler&#8230;<\/p>\n","protected":false},"author":38,"featured_media":0,"parent":158,"menu_order":0,"comment_status":"closed","ping_status":"closed","template":"","meta":{"_acf_changed":false,"footnotes":""},"acf":[],"yoast_head":"<!-- This site is optimized with the Yoast SEO Premium plugin v22.5 (Yoast SEO v22.5) - https:\/\/yoast.com\/wordpress\/plugins\/seo\/ -->\n<title>Boka demo - Fleet - Infobric Equipment &amp; Assets<\/title>\n<meta name=\"robots\" content=\"index, follow, max-snippet:-1, max-image-preview:large, max-video-preview:-1\" \/>\n<link rel=\"canonical\" href=\"https:\/\/infobric.se\/equipment-assets\/sv\/losningar\/fleet-management\/boka-demo\/\" \/>\n<meta property=\"og:locale\" content=\"sv_SE\" \/>\n<meta property=\"og:type\" content=\"article\" \/>\n<meta property=\"og:title\" content=\"Boka demo - Fleet\" \/>\n<meta property=\"og:description\" content=\"Boka en demo. Nyfiken p\u00e5 hur v\u00e5r tj\u00e4nst funkar? Boka en demo med oss. Vi visar dig runt och anpassar genomg\u00e5ngen efter dina behov. EpostNamnF\u00f6retagTelefonnummer Jag godk\u00e4nner IntegritetspolicynThis site is protected by reCAPTCHA and the Google Privacy Policy and Terms of Service apply.Boka demo Fler...\" \/>\n<meta property=\"og:url\" content=\"https:\/\/infobric.se\/equipment-assets\/sv\/losningar\/fleet-management\/boka-demo\/\" \/>\n<meta property=\"og:site_name\" content=\"Equipment &amp; Assets Sverige\" \/>\n<meta property=\"article:modified_time\" content=\"2024-09-10T08:20:50+00:00\" \/>\n<meta property=\"og:image\" content=\"https:\/\/infobric.se\/equipment-assets\/wp-content\/uploads\/sites\/21\/2024\/09\/INFOBRIC_B2A2549-WEBB.jpg\" \/>\n<meta name=\"twitter:card\" content=\"summary_large_image\" \/>\n<script type=\"application\/ld+json\" class=\"yoast-schema-graph\">{\"@context\":\"https:\/\/schema.org\",\"@graph\":[{\"@type\":\"WebPage\",\"@id\":\"https:\/\/infobric.se\/equipment-assets\/sv\/losningar\/fleet-management\/boka-demo\/\",\"url\":\"https:\/\/infobric.se\/equipment-assets\/sv\/losningar\/fleet-management\/boka-demo\/\",\"name\":\"Boka demo - Fleet - Infobric Equipment & Assets\",\"isPartOf\":{\"@id\":\"https:\/\/infobric.se\/equipment-assets\/sv\/#website\"},\"primaryImageOfPage\":{\"@id\":\"https:\/\/infobric.se\/equipment-assets\/sv\/losningar\/fleet-management\/boka-demo\/#primaryimage\"},\"image\":{\"@id\":\"https:\/\/infobric.se\/equipment-assets\/sv\/losningar\/fleet-management\/boka-demo\/#primaryimage\"},\"thumbnailUrl\":\"https:\/\/infobric.se\/equipment-assets\/wp-content\/uploads\/sites\/21\/2024\/09\/INFOBRIC_B2A2549-WEBB.jpg\",\"datePublished\":\"2024-08-19T16:20:08+00:00\",\"dateModified\":\"2024-09-10T08:20:50+00:00\",\"breadcrumb\":{\"@id\":\"https:\/\/infobric.se\/equipment-assets\/sv\/losningar\/fleet-management\/boka-demo\/#breadcrumb\"},\"inLanguage\":\"sv-SE\",\"potentialAction\":[{\"@type\":\"ReadAction\",\"target\":[\"https:\/\/infobric.se\/equipment-assets\/sv\/losningar\/fleet-management\/boka-demo\/\"]}]},{\"@type\":\"ImageObject\",\"inLanguage\":\"sv-SE\",\"@id\":\"https:\/\/infobric.se\/equipment-assets\/sv\/losningar\/fleet-management\/boka-demo\/#primaryimage\",\"url\":\"https:\/\/infobric.se\/equipment-assets\/wp-content\/uploads\/sites\/21\/2024\/09\/INFOBRIC_B2A2549-WEBB.jpg\",\"contentUrl\":\"https:\/\/infobric.se\/equipment-assets\/wp-content\/uploads\/sites\/21\/2024\/09\/INFOBRIC_B2A2549-WEBB.jpg\"},{\"@type\":\"BreadcrumbList\",\"@id\":\"https:\/\/infobric.se\/equipment-assets\/sv\/losningar\/fleet-management\/boka-demo\/#breadcrumb\",\"itemListElement\":[{\"@type\":\"ListItem\",\"position\":1,\"name\":\"Home\",\"item\":\"https:\/\/infobric.se\/equipment-assets\/sv\/\"},{\"@type\":\"ListItem\",\"position\":2,\"name\":\"Infobric Fleet\",\"item\":\"https:\/\/infobric.se\/equipment-assets\/sv\/plattformar\/infobric-fleet\/\"},{\"@type\":\"ListItem\",\"position\":3,\"name\":\"Boka demo - Fleet\"}]},{\"@type\":\"WebSite\",\"@id\":\"https:\/\/infobric.se\/equipment-assets\/sv\/#website\",\"url\":\"https:\/\/infobric.se\/equipment-assets\/sv\/\",\"name\":\"Equipment &amp; Assets Sverige\",\"description\":\"L\u00f6sningar f\u00f6r fordon, verktyg och orderhantering\",\"potentialAction\":[{\"@type\":\"SearchAction\",\"target\":{\"@type\":\"EntryPoint\",\"urlTemplate\":\"https:\/\/infobric.se\/equipment-assets\/sv\/?s={search_term_string}\"},\"query-input\":\"required name=search_term_string\"}],\"inLanguage\":\"sv-SE\"},{\"@type\":\"ImageObject\",\"inLanguage\":\"sv-SE\",\"@id\":\"https:\/\/infobric.se\/equipment-assets\/sv\/losningar\/fleet-management\/boka-demo\/#local-main-organization-logo\",\"url\":\"\",\"contentUrl\":\"\",\"caption\":\"Equipment &amp; Assets Sverige\"}]}<\/script>\n<!-- \/ Yoast SEO Premium plugin. -->","yoast_head_json":{"title":"Boka demo - Fleet - Infobric Equipment & Assets","robots":{"index":"index","follow":"follow","max-snippet":"max-snippet:-1","max-image-preview":"max-image-preview:large","max-video-preview":"max-video-preview:-1"},"canonical":"https:\/\/infobric.se\/equipment-assets\/sv\/losningar\/fleet-management\/boka-demo\/","og_locale":"sv_SE","og_type":"article","og_title":"Boka demo - Fleet","og_description":"Boka en demo. Nyfiken p\u00e5 hur v\u00e5r tj\u00e4nst funkar? Boka en demo med oss. Vi visar dig runt och anpassar genomg\u00e5ngen efter dina behov. EpostNamnF\u00f6retagTelefonnummer Jag godk\u00e4nner IntegritetspolicynThis site is protected by reCAPTCHA and the Google Privacy Policy and Terms of Service apply.Boka demo Fler...","og_url":"https:\/\/infobric.se\/equipment-assets\/sv\/losningar\/fleet-management\/boka-demo\/","og_site_name":"Equipment &amp; Assets Sverige","article_modified_time":"2024-09-10T08:20:50+00:00","og_image":[{"url":"https:\/\/infobric.se\/equipment-assets\/wp-content\/uploads\/sites\/21\/2024\/09\/INFOBRIC_B2A2549-WEBB.jpg"}],"twitter_card":"summary_large_image","schema":{"@context":"https:\/\/schema.org","@graph":[{"@type":"WebPage","@id":"https:\/\/infobric.se\/equipment-assets\/sv\/losningar\/fleet-management\/boka-demo\/","url":"https:\/\/infobric.se\/equipment-assets\/sv\/losningar\/fleet-management\/boka-demo\/","name":"Boka demo - Fleet - Infobric Equipment & Assets","isPartOf":{"@id":"https:\/\/infobric.se\/equipment-assets\/sv\/#website"},"primaryImageOfPage":{"@id":"https:\/\/infobric.se\/equipment-assets\/sv\/losningar\/fleet-management\/boka-demo\/#primaryimage"},"image":{"@id":"https:\/\/infobric.se\/equipment-assets\/sv\/losningar\/fleet-management\/boka-demo\/#primaryimage"},"thumbnailUrl":"https:\/\/infobric.se\/equipment-assets\/wp-content\/uploads\/sites\/21\/2024\/09\/INFOBRIC_B2A2549-WEBB.jpg","datePublished":"2024-08-19T16:20:08+00:00","dateModified":"2024-09-10T08:20:50+00:00","breadcrumb":{"@id":"https:\/\/infobric.se\/equipment-assets\/sv\/losningar\/fleet-management\/boka-demo\/#breadcrumb"},"inLanguage":"sv-SE","potentialAction":[{"@type":"ReadAction","target":["https:\/\/infobric.se\/equipment-assets\/sv\/losningar\/fleet-management\/boka-demo\/"]}]},{"@type":"ImageObject","inLanguage":"sv-SE","@id":"https:\/\/infobric.se\/equipment-assets\/sv\/losningar\/fleet-management\/boka-demo\/#primaryimage","url":"https:\/\/infobric.se\/equipment-assets\/wp-content\/uploads\/sites\/21\/2024\/09\/INFOBRIC_B2A2549-WEBB.jpg","contentUrl":"https:\/\/infobric.se\/equipment-assets\/wp-content\/uploads\/sites\/21\/2024\/09\/INFOBRIC_B2A2549-WEBB.jpg"},{"@type":"BreadcrumbList","@id":"https:\/\/infobric.se\/equipment-assets\/sv\/losningar\/fleet-management\/boka-demo\/#breadcrumb","itemListElement":[{"@type":"ListItem","position":1,"name":"Home","item":"https:\/\/infobric.se\/equipment-assets\/sv\/"},{"@type":"ListItem","position":2,"name":"Infobric Fleet","item":"https:\/\/infobric.se\/equipment-assets\/sv\/plattformar\/infobric-fleet\/"},{"@type":"ListItem","position":3,"name":"Boka demo - Fleet"}]},{"@type":"WebSite","@id":"https:\/\/infobric.se\/equipment-assets\/sv\/#website","url":"https:\/\/infobric.se\/equipment-assets\/sv\/","name":"Equipment &amp; Assets Sverige","description":"L\u00f6sningar f\u00f6r fordon, verktyg och orderhantering","potentialAction":[{"@type":"SearchAction","target":{"@type":"EntryPoint","urlTemplate":"https:\/\/infobric.se\/equipment-assets\/sv\/?s={search_term_string}"},"query-input":"required name=search_term_string"}],"inLanguage":"sv-SE"},{"@type":"ImageObject","inLanguage":"sv-SE","@id":"https:\/\/infobric.se\/equipment-assets\/sv\/losningar\/fleet-management\/boka-demo\/#local-main-organization-logo","url":"","contentUrl":"","caption":"Equipment &amp; Assets Sverige"}]}},"_links":{"self":[{"href":"https:\/\/infobric.se\/equipment-assets\/sv\/wp-json\/wp\/v2\/pages\/3708"}],"collection":[{"href":"https:\/\/infobric.se\/equipment-assets\/sv\/wp-json\/wp\/v2\/pages"}],"about":[{"href":"https:\/\/infobric.se\/equipment-assets\/sv\/wp-json\/wp\/v2\/types\/page"}],"author":[{"embeddable":true,"href":"https:\/\/infobric.se\/equipment-assets\/sv\/wp-json\/wp\/v2\/users\/38"}],"replies":[{"embeddable":true,"href":"https:\/\/infobric.se\/equipment-assets\/sv\/wp-json\/wp\/v2\/comments?post=3708"}],"version-history":[{"count":15,"href":"https:\/\/infobric.se\/equipment-assets\/sv\/wp-json\/wp\/v2\/pages\/3708\/revisions"}],"predecessor-version":[{"id":11284,"href":"https:\/\/infobric.se\/equipment-assets\/sv\/wp-json\/wp\/v2\/pages\/3708\/revisions\/11284"}],"up":[{"embeddable":true,"href":"https:\/\/infobric.se\/equipment-assets\/sv\/wp-json\/wp\/v2\/pages\/158"}],"wp:attachment":[{"href":"https:\/\/infobric.se\/equipment-assets\/sv\/wp-json\/wp\/v2\/media?parent=3708"}],"curies":[{"name":"wp","href":"https:\/\/api.w.org\/{rel}","templated":true}]}}