{"id":2888,"date":"2024-08-08T10:46:43","date_gmt":"2024-08-08T10:46:43","guid":{"rendered":"https:\/\/infobric.se\/equipment-assets\/?page_id=2888"},"modified":"2024-09-21T18:58:52","modified_gmt":"2024-09-21T18:58:52","slug":"tack","status":"publish","type":"page","link":"https:\/\/infobric.se\/equipment-assets\/sv\/guider\/elbilsguiden-for-foretag\/tack\/","title":{"rendered":"Elbilsguiden f\u00f6r f\u00f6retag &#8211; tack"},"content":{"rendered":"\t\t<div data-elementor-type=\"wp-page\" data-elementor-id=\"2888\" class=\"elementor elementor-2888\" data-elementor-post-type=\"page\">\n\t\t\t\t<div class=\"elementor-element elementor-element-67b4da0a e-flex e-con-boxed e-con e-parent\" data-id=\"67b4da0a\" data-element_type=\"container\" data-settings=\"{&quot;background_background&quot;:&quot;classic&quot;}\">\n\t\t\t\t\t<div class=\"e-con-inner\">\n\t\t\t\t<div class=\"elementor-element elementor-element-db818a9 elementor-widget elementor-widget-infobric-thank-you\" data-id=\"db818a9\" data-element_type=\"widget\" data-widget_type=\"infobric-thank-you.default\">\n\t\t\t\t<div class=\"elementor-widget-container\">\n\t\t\t        <div class=\"ty-block\">\n            <div class=\"ty-content-wrapper\">\n                <div class=\"ty-content\">\n                    <div class=\"ty-text-wrapper\">\n                        <h1 class=\"ty-headline global-headline global-headline-xl\">\n                            Tack! \ud83e\udd1d Vi har skickat guiden till din mejladress.                        <\/h1>\n                        <p class=\"ty-text global-subheadline global-subheadline-xs\">\n                            Ibland kan det ta n\u00e5gon minut innan du f\u00e5r mejlet. Avvakta g\u00e4rna en liten stund och kontrollera din skr\u00e4ppostmapp om du inte ser mejlet i din inkorg.                        <\/p>\n                    <\/div>\n                    <div class=\"ty-buttons-wrapper\">\n                                                    <a class=\"ib-button-tertiary ib-button-tertiary-dark-bg\" href=\"https:\/\/infobric.se\/equipment-assets\/sv\/plattformar\/infobric-fleet\/\">\n                                <div class=\"ib-button-tertiary-wrapper\">\n                                    <div class=\"ib-button-tertiary-btn-text global-body-button\">Tillbaka till Infobric Fleet<\/div>\n                                    <div class=\"ib-button-tertiary-btn-text-abs global-body-button\">Tillbaka till Infobric Fleet<\/div>\n                                <\/div>\n                            <\/a>\n                                                <a class=\"ib-button-primary\" href=\"https:\/\/infobric.se\/equipment-assets\/sv\/losningar\/fleet-management\/boka-demo\/\">\n                            <div class=\"ib-button-primary-wrapper\">\n                                <div class=\"ib-button-primary-btn-text global-body-button\">Boka en demo<\/div>\n                                <div class=\"ib-button-primary-btn-text-abs global-body-button\">Boka en demo<\/div>\n                            <\/div>\n                        <\/a>\n                    <\/div>\n                <\/div>\n            <\/div>\n        <\/div>\n        \t\t<\/div>\n\t\t\t\t<\/div>\n\t\t\t\t\t<\/div>\n\t\t\t\t<\/div>\n\t\t<div class=\"elementor-element elementor-element-6f67e0b4 e-flex e-con-boxed e-con e-parent\" data-id=\"6f67e0b4\" data-element_type=\"container\" data-settings=\"{&quot;background_background&quot;:&quot;classic&quot;}\">\n\t\t\t\t\t<div class=\"e-con-inner\">\n\t\t\t\t<div class=\"elementor-element elementor-element-5cb0d8f9 elementor-widget elementor-widget-infobric_read_more\" data-id=\"5cb0d8f9\" data-element_type=\"widget\" data-widget_type=\"infobric_read_more.default\">\n\t\t\t\t<div class=\"elementor-widget-container\">\n\t\t\t        <div class=\"read-more-widget\">\n            <div class=\"read-more-widget-content\">\n                <h4 class=\"global-headline global-headline-l\">Fler tj\u00e4nster fr\u00e5n oss.<\/h4>\n                <div class=\"read-more-wrapper\">\n                                            <div class=\"read-more-post-item\">\n                            <img loading=\"lazy\" width=\"1024\" height=\"683\" src=\"https:\/\/infobric.se\/equipment-assets\/wp-content\/uploads\/sites\/21\/2025\/10\/4B9A1126-WEBB-1024x683.avif\" class=\"attachment-large size-large\" alt=\"\" loading=\"lazy\" decoding=\"async\" sizes=\"(max-width: 767px) 100vw, 33vw\" srcset=\"https:\/\/infobric.se\/equipment-assets\/wp-content\/uploads\/sites\/21\/2025\/10\/4B9A1126-WEBB-1024x683.avif 1024w, https:\/\/infobric.se\/equipment-assets\/wp-content\/uploads\/sites\/21\/2025\/10\/4B9A1126-WEBB-300x200.avif 300w, https:\/\/infobric.se\/equipment-assets\/wp-content\/uploads\/sites\/21\/2025\/10\/4B9A1126-WEBB-768x512.avif 768w, https:\/\/infobric.se\/equipment-assets\/wp-content\/uploads\/sites\/21\/2025\/10\/4B9A1126-WEBB-600x400.avif 600w, https:\/\/infobric.se\/equipment-assets\/wp-content\/uploads\/sites\/21\/2025\/10\/4B9A1126-WEBB.avif 1137w\" \/>                            <div class=\"read-more-post-item-wrapper\">\n                                <div class=\"read-more-post-item-text-wrapper\">\n                                    <h6 class=\"global-headline global-headline-xs\">Infobric Fleet<\/h6>\n                                    <p class=\"global-body-light-m\">Automatiserar manuellt arbete f\u00f6r f\u00f6rare, fordonsansvarig och ekonomi. Med v\u00e5rt kompletta fordonsregister kan du enkelt hanterar service\u00e4renden, fordonskostnader, elektroniska k\u00f6rjournaler och mycket mer.<\/p>\n                                <\/div>\n                                <a class=\"ib-button-link ib-button-link-light-bg global-body-button \" href=\"https:\/\/infobric.se\/equipment-assets\/sv\/plattformar\/infobric-fleet\/\"  >\n                                    L\u00e4s mer                                    <svg xmlns=\"http:\/\/www.w3.org\/2000\/svg\" width=\"8\" height=\"11\" viewBox=\"0 0 8 11\" fill=\"none\">\n                                        <path d=\"M2 9.5L6 5.5L2 1.5\" stroke=\"#1D2C38\" stroke-width=\"2.4\" stroke-miterlimit=\"10\" stroke-linecap=\"round\" stroke-linejoin=\"round\"\/>\n                                    <\/svg>\n                                <\/a>\n                            <\/div>\n                        <\/div>\n                                            <div class=\"read-more-post-item\">\n                            <img loading=\"lazy\" width=\"758\" height=\"488\" src=\"https:\/\/infobric.se\/equipment-assets\/wp-content\/uploads\/sites\/21\/2025\/10\/INFOBRIC_B2A2792-WEBB.avif\" class=\"attachment-large size-large\" alt=\"\" loading=\"lazy\" decoding=\"async\" sizes=\"(max-width: 767px) 100vw, 33vw\" srcset=\"https:\/\/infobric.se\/equipment-assets\/wp-content\/uploads\/sites\/21\/2025\/10\/INFOBRIC_B2A2792-WEBB.avif 758w, https:\/\/infobric.se\/equipment-assets\/wp-content\/uploads\/sites\/21\/2025\/10\/INFOBRIC_B2A2792-WEBB-300x193.avif 300w, https:\/\/infobric.se\/equipment-assets\/wp-content\/uploads\/sites\/21\/2025\/10\/INFOBRIC_B2A2792-WEBB-600x386.avif 600w\" \/>                            <div class=\"read-more-post-item-wrapper\">\n                                <div class=\"read-more-post-item-text-wrapper\">\n                                    <h6 class=\"global-headline global-headline-xs\">Infobric Workorder<\/h6>\n                                    <p class=\"global-body-light-m\">Arbetsorderhantering utvecklad f\u00f6r byggbranschen. F\u00e5 b\u00e5de \u00f6versikt och detaljerad insyn i projekten \u2013 fr\u00e5n start till slut. Minska administrationen, f\u00e5 full koll p\u00e5 vinsten och \u00f6ka produktiviteten.<\/p>\n                                <\/div>\n                                <a class=\"ib-button-link ib-button-link-light-bg global-body-button \" href=\"https:\/\/infobric.se\/equipment-assets\/sv\/plattformar\/infobric-workorder\/\"  >\n                                    L\u00e4s mer                                    <svg xmlns=\"http:\/\/www.w3.org\/2000\/svg\" width=\"8\" height=\"11\" viewBox=\"0 0 8 11\" fill=\"none\">\n                                        <path d=\"M2 9.5L6 5.5L2 1.5\" stroke=\"#1D2C38\" stroke-width=\"2.4\" stroke-miterlimit=\"10\" stroke-linecap=\"round\" stroke-linejoin=\"round\"\/>\n                                    <\/svg>\n                                <\/a>\n                            <\/div>\n                        <\/div>\n                                            <div class=\"read-more-post-item\">\n                            <img loading=\"lazy\" width=\"758\" height=\"488\" src=\"https:\/\/infobric.se\/equipment-assets\/wp-content\/uploads\/sites\/21\/2025\/10\/INFOBRIC_B2A2549-WEBB.avif\" class=\"attachment-large size-large\" alt=\"\" loading=\"lazy\" decoding=\"async\" sizes=\"(max-width: 767px) 100vw, 33vw\" srcset=\"https:\/\/infobric.se\/equipment-assets\/wp-content\/uploads\/sites\/21\/2025\/10\/INFOBRIC_B2A2549-WEBB.avif 758w, https:\/\/infobric.se\/equipment-assets\/wp-content\/uploads\/sites\/21\/2025\/10\/INFOBRIC_B2A2549-WEBB-300x193.avif 300w, https:\/\/infobric.se\/equipment-assets\/wp-content\/uploads\/sites\/21\/2025\/10\/INFOBRIC_B2A2549-WEBB-600x386.avif 600w\" \/>                            <div class=\"read-more-post-item-wrapper\">\n                                <div class=\"read-more-post-item-text-wrapper\">\n                                    <h6 class=\"global-headline global-headline-xs\">Infobric Hyrma<\/h6>\n                                    <p class=\"global-body-light-m\">Ta hj\u00e4lp av v\u00e5rt digitala verktyg f\u00f6r att effektivisera er uthyrning, lagerhantering och fakturering. En modern och smart l\u00f6sning som g\u00f6r det enkelt att h\u00e5lla ordning p\u00e5 alla detaljer.<\/p>\n                                <\/div>\n                                <a class=\"ib-button-link ib-button-link-light-bg global-body-button \" href=\"https:\/\/infobric.se\/equipment-assets\/sv\/plattformar\/infobric-hyrma\/\"  >\n                                    L\u00e4s mer                                    <svg xmlns=\"http:\/\/www.w3.org\/2000\/svg\" width=\"8\" height=\"11\" viewBox=\"0 0 8 11\" fill=\"none\">\n                                        <path d=\"M2 9.5L6 5.5L2 1.5\" stroke=\"#1D2C38\" stroke-width=\"2.4\" stroke-miterlimit=\"10\" stroke-linecap=\"round\" stroke-linejoin=\"round\"\/>\n                                    <\/svg>\n                                <\/a>\n                            <\/div>\n                        <\/div>\n                                    <\/div>\n            <\/div>\n        <\/div>\n        \t\t<\/div>\n\t\t\t\t<\/div>\n\t\t\t\t\t<\/div>\n\t\t\t\t<\/div>\n\t\t\t\t<\/div>\n\t\t","protected":false},"excerpt":{"rendered":"<p>Tack! \ud83e\udd1d Vi har skickat guiden till din mejladress. Ibland kan det ta n\u00e5gon minut innan du f\u00e5r mejlet. Avvakta g\u00e4rna en liten stund och kontrollera din skr\u00e4ppostmapp om du inte ser mejlet i din inkorg. Tillbaka till Infobric Fleet Tillbaka till Infobric Fleet Boka&#8230;<\/p>\n","protected":false},"author":38,"featured_media":0,"parent":3063,"menu_order":0,"comment_status":"closed","ping_status":"closed","template":"","meta":{"_acf_changed":false,"footnotes":""},"acf":[],"yoast_head":"<!-- This site is optimized with the Yoast SEO Premium plugin v22.5 (Yoast SEO v22.5) - https:\/\/yoast.com\/wordpress\/plugins\/seo\/ -->\n<title>Elbilsguiden f\u00f6r f\u00f6retag - tack - Infobric Equipment &amp; Assets<\/title>\n<meta name=\"robots\" content=\"index, follow, max-snippet:-1, max-image-preview:large, max-video-preview:-1\" \/>\n<link rel=\"canonical\" href=\"https:\/\/infobric.se\/equipment-assets\/sv\/guider\/elbilsguiden-for-foretag\/tack\/\" \/>\n<meta property=\"og:locale\" content=\"sv_SE\" \/>\n<meta property=\"og:type\" content=\"article\" \/>\n<meta property=\"og:title\" content=\"Elbilsguiden f\u00f6r f\u00f6retag - tack\" \/>\n<meta property=\"og:description\" content=\"Tack! \ud83e\udd1d Vi har skickat guiden till din mejladress. Ibland kan det ta n\u00e5gon minut innan du f\u00e5r mejlet. Avvakta g\u00e4rna en liten stund och kontrollera din skr\u00e4ppostmapp om du inte ser mejlet i din inkorg. Tillbaka till Infobric Fleet Tillbaka till Infobric Fleet Boka...\" \/>\n<meta property=\"og:url\" content=\"https:\/\/infobric.se\/equipment-assets\/sv\/guider\/elbilsguiden-for-foretag\/tack\/\" \/>\n<meta property=\"og:site_name\" content=\"Equipment &amp; Assets Sverige\" \/>\n<meta property=\"article:modified_time\" content=\"2024-09-21T18:58:52+00:00\" \/>\n<meta property=\"og:image\" content=\"https:\/\/infobric.se\/equipment-assets\/wp-content\/uploads\/sites\/21\/2024\/09\/4B9A1126-WEBB.jpg\" \/>\n<meta name=\"twitter:card\" content=\"summary_large_image\" \/>\n<script type=\"application\/ld+json\" class=\"yoast-schema-graph\">{\"@context\":\"https:\/\/schema.org\",\"@graph\":[{\"@type\":\"WebPage\",\"@id\":\"https:\/\/infobric.se\/equipment-assets\/sv\/guider\/elbilsguiden-for-foretag\/tack\/\",\"url\":\"https:\/\/infobric.se\/equipment-assets\/sv\/guider\/elbilsguiden-for-foretag\/tack\/\",\"name\":\"Elbilsguiden f\u00f6r f\u00f6retag - tack - Infobric Equipment & Assets\",\"isPartOf\":{\"@id\":\"https:\/\/infobric.se\/equipment-assets\/sv\/#website\"},\"primaryImageOfPage\":{\"@id\":\"https:\/\/infobric.se\/equipment-assets\/sv\/guider\/elbilsguiden-for-foretag\/tack\/#primaryimage\"},\"image\":{\"@id\":\"https:\/\/infobric.se\/equipment-assets\/sv\/guider\/elbilsguiden-for-foretag\/tack\/#primaryimage\"},\"thumbnailUrl\":\"https:\/\/infobric.se\/equipment-assets\/wp-content\/uploads\/sites\/21\/2024\/09\/4B9A1126-WEBB.jpg\",\"datePublished\":\"2024-08-08T10:46:43+00:00\",\"dateModified\":\"2024-09-21T18:58:52+00:00\",\"breadcrumb\":{\"@id\":\"https:\/\/infobric.se\/equipment-assets\/sv\/guider\/elbilsguiden-for-foretag\/tack\/#breadcrumb\"},\"inLanguage\":\"sv-SE\",\"potentialAction\":[{\"@type\":\"ReadAction\",\"target\":[\"https:\/\/infobric.se\/equipment-assets\/sv\/guider\/elbilsguiden-for-foretag\/tack\/\"]}]},{\"@type\":\"ImageObject\",\"inLanguage\":\"sv-SE\",\"@id\":\"https:\/\/infobric.se\/equipment-assets\/sv\/guider\/elbilsguiden-for-foretag\/tack\/#primaryimage\",\"url\":\"https:\/\/infobric.se\/equipment-assets\/wp-content\/uploads\/sites\/21\/2024\/09\/4B9A1126-WEBB.jpg\",\"contentUrl\":\"https:\/\/infobric.se\/equipment-assets\/wp-content\/uploads\/sites\/21\/2024\/09\/4B9A1126-WEBB.jpg\"},{\"@type\":\"BreadcrumbList\",\"@id\":\"https:\/\/infobric.se\/equipment-assets\/sv\/guider\/elbilsguiden-for-foretag\/tack\/#breadcrumb\",\"itemListElement\":[{\"@type\":\"ListItem\",\"position\":1,\"name\":\"Home\",\"item\":\"https:\/\/infobric.se\/equipment-assets\/sv\/\"},{\"@type\":\"ListItem\",\"position\":2,\"name\":\"Guider\",\"item\":\"https:\/\/infobric.se\/equipment-assets\/sv\/guider\/\"},{\"@type\":\"ListItem\",\"position\":3,\"name\":\"Elbilsguiden f\u00f6r f\u00f6retag\",\"item\":\"https:\/\/infobric.se\/equipment-assets\/sv\/guider\/elbilsguiden-for-foretag\/\"},{\"@type\":\"ListItem\",\"position\":4,\"name\":\"Elbilsguiden f\u00f6r f\u00f6retag - tack\"}]},{\"@type\":\"WebSite\",\"@id\":\"https:\/\/infobric.se\/equipment-assets\/sv\/#website\",\"url\":\"https:\/\/infobric.se\/equipment-assets\/sv\/\",\"name\":\"Equipment &amp; Assets Sverige\",\"description\":\"L\u00f6sningar f\u00f6r fordon, verktyg och orderhantering\",\"potentialAction\":[{\"@type\":\"SearchAction\",\"target\":{\"@type\":\"EntryPoint\",\"urlTemplate\":\"https:\/\/infobric.se\/equipment-assets\/sv\/?s={search_term_string}\"},\"query-input\":\"required name=search_term_string\"}],\"inLanguage\":\"sv-SE\"},{\"@type\":\"ImageObject\",\"inLanguage\":\"sv-SE\",\"@id\":\"https:\/\/infobric.se\/equipment-assets\/sv\/guider\/elbilsguiden-for-foretag\/tack\/#local-main-organization-logo\",\"url\":\"\",\"contentUrl\":\"\",\"caption\":\"Equipment &amp; Assets Sverige\"}]}<\/script>\n<!-- \/ Yoast SEO Premium plugin. -->","yoast_head_json":{"title":"Elbilsguiden f\u00f6r f\u00f6retag - tack - Infobric Equipment & Assets","robots":{"index":"index","follow":"follow","max-snippet":"max-snippet:-1","max-image-preview":"max-image-preview:large","max-video-preview":"max-video-preview:-1"},"canonical":"https:\/\/infobric.se\/equipment-assets\/sv\/guider\/elbilsguiden-for-foretag\/tack\/","og_locale":"sv_SE","og_type":"article","og_title":"Elbilsguiden f\u00f6r f\u00f6retag - tack","og_description":"Tack! \ud83e\udd1d Vi har skickat guiden till din mejladress. Ibland kan det ta n\u00e5gon minut innan du f\u00e5r mejlet. Avvakta g\u00e4rna en liten stund och kontrollera din skr\u00e4ppostmapp om du inte ser mejlet i din inkorg. Tillbaka till Infobric Fleet Tillbaka till Infobric Fleet Boka...","og_url":"https:\/\/infobric.se\/equipment-assets\/sv\/guider\/elbilsguiden-for-foretag\/tack\/","og_site_name":"Equipment &amp; Assets Sverige","article_modified_time":"2024-09-21T18:58:52+00:00","og_image":[{"url":"https:\/\/infobric.se\/equipment-assets\/wp-content\/uploads\/sites\/21\/2024\/09\/4B9A1126-WEBB.jpg"}],"twitter_card":"summary_large_image","schema":{"@context":"https:\/\/schema.org","@graph":[{"@type":"WebPage","@id":"https:\/\/infobric.se\/equipment-assets\/sv\/guider\/elbilsguiden-for-foretag\/tack\/","url":"https:\/\/infobric.se\/equipment-assets\/sv\/guider\/elbilsguiden-for-foretag\/tack\/","name":"Elbilsguiden f\u00f6r f\u00f6retag - tack - Infobric Equipment & Assets","isPartOf":{"@id":"https:\/\/infobric.se\/equipment-assets\/sv\/#website"},"primaryImageOfPage":{"@id":"https:\/\/infobric.se\/equipment-assets\/sv\/guider\/elbilsguiden-for-foretag\/tack\/#primaryimage"},"image":{"@id":"https:\/\/infobric.se\/equipment-assets\/sv\/guider\/elbilsguiden-for-foretag\/tack\/#primaryimage"},"thumbnailUrl":"https:\/\/infobric.se\/equipment-assets\/wp-content\/uploads\/sites\/21\/2024\/09\/4B9A1126-WEBB.jpg","datePublished":"2024-08-08T10:46:43+00:00","dateModified":"2024-09-21T18:58:52+00:00","breadcrumb":{"@id":"https:\/\/infobric.se\/equipment-assets\/sv\/guider\/elbilsguiden-for-foretag\/tack\/#breadcrumb"},"inLanguage":"sv-SE","potentialAction":[{"@type":"ReadAction","target":["https:\/\/infobric.se\/equipment-assets\/sv\/guider\/elbilsguiden-for-foretag\/tack\/"]}]},{"@type":"ImageObject","inLanguage":"sv-SE","@id":"https:\/\/infobric.se\/equipment-assets\/sv\/guider\/elbilsguiden-for-foretag\/tack\/#primaryimage","url":"https:\/\/infobric.se\/equipment-assets\/wp-content\/uploads\/sites\/21\/2024\/09\/4B9A1126-WEBB.jpg","contentUrl":"https:\/\/infobric.se\/equipment-assets\/wp-content\/uploads\/sites\/21\/2024\/09\/4B9A1126-WEBB.jpg"},{"@type":"BreadcrumbList","@id":"https:\/\/infobric.se\/equipment-assets\/sv\/guider\/elbilsguiden-for-foretag\/tack\/#breadcrumb","itemListElement":[{"@type":"ListItem","position":1,"name":"Home","item":"https:\/\/infobric.se\/equipment-assets\/sv\/"},{"@type":"ListItem","position":2,"name":"Guider","item":"https:\/\/infobric.se\/equipment-assets\/sv\/guider\/"},{"@type":"ListItem","position":3,"name":"Elbilsguiden f\u00f6r f\u00f6retag","item":"https:\/\/infobric.se\/equipment-assets\/sv\/guider\/elbilsguiden-for-foretag\/"},{"@type":"ListItem","position":4,"name":"Elbilsguiden f\u00f6r f\u00f6retag - tack"}]},{"@type":"WebSite","@id":"https:\/\/infobric.se\/equipment-assets\/sv\/#website","url":"https:\/\/infobric.se\/equipment-assets\/sv\/","name":"Equipment &amp; Assets Sverige","description":"L\u00f6sningar f\u00f6r fordon, verktyg och orderhantering","potentialAction":[{"@type":"SearchAction","target":{"@type":"EntryPoint","urlTemplate":"https:\/\/infobric.se\/equipment-assets\/sv\/?s={search_term_string}"},"query-input":"required name=search_term_string"}],"inLanguage":"sv-SE"},{"@type":"ImageObject","inLanguage":"sv-SE","@id":"https:\/\/infobric.se\/equipment-assets\/sv\/guider\/elbilsguiden-for-foretag\/tack\/#local-main-organization-logo","url":"","contentUrl":"","caption":"Equipment &amp; Assets Sverige"}]}},"_links":{"self":[{"href":"https:\/\/infobric.se\/equipment-assets\/sv\/wp-json\/wp\/v2\/pages\/2888"}],"collection":[{"href":"https:\/\/infobric.se\/equipment-assets\/sv\/wp-json\/wp\/v2\/pages"}],"about":[{"href":"https:\/\/infobric.se\/equipment-assets\/sv\/wp-json\/wp\/v2\/types\/page"}],"author":[{"embeddable":true,"href":"https:\/\/infobric.se\/equipment-assets\/sv\/wp-json\/wp\/v2\/users\/38"}],"replies":[{"embeddable":true,"href":"https:\/\/infobric.se\/equipment-assets\/sv\/wp-json\/wp\/v2\/comments?post=2888"}],"version-history":[{"count":13,"href":"https:\/\/infobric.se\/equipment-assets\/sv\/wp-json\/wp\/v2\/pages\/2888\/revisions"}],"predecessor-version":[{"id":8419,"href":"https:\/\/infobric.se\/equipment-assets\/sv\/wp-json\/wp\/v2\/pages\/2888\/revisions\/8419"}],"up":[{"embeddable":true,"href":"https:\/\/infobric.se\/equipment-assets\/sv\/wp-json\/wp\/v2\/pages\/3063"}],"wp:attachment":[{"href":"https:\/\/infobric.se\/equipment-assets\/sv\/wp-json\/wp\/v2\/media?parent=2888"}],"curies":[{"name":"wp","href":"https:\/\/api.w.org\/{rel}","templated":true}]}}