{"id":12615,"date":"2025-06-09T14:57:53","date_gmt":"2025-06-09T14:57:53","guid":{"rendered":"https:\/\/infobric.se\/equipment-assets\/?page_id=12615"},"modified":"2025-06-11T07:24:09","modified_gmt":"2025-06-11T07:24:09","slug":"prata-med-en-expert","status":"publish","type":"page","link":"https:\/\/infobric.se\/equipment-assets\/sv\/plattformar\/prata-med-en-expert\/","title":{"rendered":"Prata med en expert"},"content":{"rendered":"\t\t<div data-elementor-type=\"wp-page\" data-elementor-id=\"12615\" class=\"elementor elementor-12615\" data-elementor-post-type=\"page\">\n\t\t\t\t<div class=\"elementor-element elementor-element-41892251 e-con-full e-flex e-con e-parent\" data-id=\"41892251\" data-element_type=\"container\" data-settings=\"{&quot;background_background&quot;:&quot;classic&quot;}\">\n\t\t<div class=\"elementor-element elementor-element-16b93d62 e-con-full e-flex e-con e-child\" data-id=\"16b93d62\" data-element_type=\"container\">\n\t\t<div class=\"elementor-element elementor-element-17a2163f e-con-full e-flex e-con e-child\" data-id=\"17a2163f\" data-element_type=\"container\" data-settings=\"{&quot;background_background&quot;:&quot;classic&quot;}\">\n\t\t\t\t<div class=\"elementor-element elementor-element-690af86d elementor-widget elementor-widget-heading\" data-id=\"690af86d\" data-element_type=\"widget\" data-widget_type=\"heading.default\">\n\t\t\t\t<div class=\"elementor-widget-container\">\n\t\t\t<h1 class=\"elementor-heading-title elementor-size-default\">Prata med en expert!<\/h1>\t\t<\/div>\n\t\t\t\t<\/div>\n\t\t\t\t<div class=\"elementor-element elementor-element-f1e5612 elementor-widget elementor-widget-text-editor\" data-id=\"f1e5612\" data-element_type=\"widget\" data-widget_type=\"text-editor.default\">\n\t\t\t\t<div class=\"elementor-widget-container\">\n\t\t\t\t\t\t\t<p>Fyll i dina uppgifter s\u00e5 kontaktar vi dig inom kort.<\/p>\t\t\t\t\t\t<\/div>\n\t\t\t\t<\/div>\n\t\t\t\t<div class=\"elementor-element elementor-element-7569fa96 elementor-widget elementor-widget-hello-world\" data-id=\"7569fa96\" data-element_type=\"widget\" data-widget_type=\"hello-world.default\">\n\t\t\t\t<div class=\"elementor-widget-container\">\n\t\t\t<h2 class=\"upsales-title\"><\/h2><form id=\"form_sc_expert\" method=\"post\" class=\"upsales-form\"><input type=\"hidden\" name=\"form-businessarea\" value=\"None\" disabled \/><input type=\"hidden\" name=\"form-category\" value=\"ContactMe\" disabled \/><input type=\"hidden\" name=\"formCid\" value=\"9406\" \/><input type=\"hidden\" name=\"formId\" value=\"9406ufbc01ce2bc49479db9ef245cfc17c3e0\" \/><input type=\"hidden\" name=\"recaptcha_response\" id=\"recaptchaResponse-9406ufbc01ce2bc49479db9ef245cfc17c3e0\"><label>F\u00f6r- och efternamn<input type=\"text\" name=\"Contact.name\" \/><\/label><label>F\u00f6retagsnamn<input type=\"text\" name=\"Client.name\" \/><\/label><label>E-postadress<input type=\"email\" name=\"Contact.email\" \/><\/label><label>Telefonnummer<input type=\"text\" name=\"Contact.phone\" \/><\/label><div><label class=\"switch\"><input required type=\"checkbox\"><span class=\"slider\"><\/span><\/label> Jag godk\u00e4nner <a href=\"https:\/\/infobric.com\/sv\/integritetspolicy\/\" target=\"_blank\">Integritetspolicyn<\/a><\/div><div class=\"fleetlookup-external-recaptcha-text recaptcha-badge-text\">This site is protected by reCAPTCHA and the Google <a href=\"https:\/\/policies.google.com\/privacy\" target=\"_blank\">Privacy Policy<\/a> and <a href=\"https:\/\/policies.google.com\/terms\" target=\"_blank\">Terms of Service<\/a> apply.<\/div><div class='fleetlookup-external-recaptcha-wrapper' id='fleet-recaptcha-inline-badge'><\/div><script>\n\t\tvar valid = false;\n\t\tvar validated = 0;\n\t\tjQuery('.upsales-form').ready(function(e) {\n\t\t\t\n\t\t\tvar recaptchaInterval = setInterval(function() {\n\t\t\tvalidated++;\n\t\t\tvar form = jQuery(this);\n\t\t\tjQuery.ajax({\n\t\t\t\turl: window.location.origin+'\/verify_recaptcha.php', \n\t\t\t\ttype: 'POST',\n\t\t\t\tdata: {\n\t\t\t\t\trecaptcha_response: jQuery('#recaptchaResponse-9406ufbc01ce2bc49479db9ef245cfc17c3e0').val()\n\t\t\t\t},\n\t\t\t\tsuccess: function(response) {\n        var response = JSON.parse(response);\n\t\t\t\tconsole.log(response);\n\t\t\t\tif (response.success && response.score > 0.5) {\n\t\t\t\t\tvalid = true;\n\t\t\t\t\tjQuery('.upsales-form').attr('action', 'https:\/\/power.upsales.com\/api\/external\/formSubmit');\n\t\t\t\t}\n\t\t\t\t},\n\t\t\t\terror: function(xhr, status) {\n\t\t\t\tconsole.log(xhr, status);\n\t\t\t\t}\n\t\t\t\t});\n\t\t\t\tif (valid || validated > 20) {\n\t\t\t\t\tconsole.log(validated);\n\t\t\t\t\tclearInterval(recaptchaInterval);\n\t\t\t\t}\n\t\t\t},1500);\n\t\t\t\n\t\t});\n\n\t\tjQuery('.upsales-form').submit(function(e) {\n\t\t\tif (!valid) {\n\t\t\t\te.preventDefault();\n\t\t\t}\n\t\t});\n\t\tfunction onFleetRecaptchaLoadCallback() {\n    var recaptchas = document.getElementsByName('recaptcha_response');\n\t\tvar clientId = grecaptcha.render('fleet-recaptcha-inline-badge', {\n\t\t\t'sitekey': '6Ld5itcZAAAAAFzkP8Tn7RWnfbRYU9LvBmKhBzQj',\n\t\t\t'badge': 'inline',\n\t\t\t'size': 'invisible'\n\t\t});\n\t\n\t\tgrecaptcha.ready(function() {\n    for (i=0; i<recaptchas.length;i++) {\n\t\t\tgrecaptcha.execute(clientId, {\n\t\t\t\t\taction: 'action_name'\n\t\t\t\t})\n\t\t\t\t.then(function(token) {\n\t\t\t\t\t\/\/ Verify the token on the server.\n          var added = false;\n          for (i=0; i<recaptchas.length;i++) {\n            var element = recaptchas[i];\n            if (element.value == '' && !added) {\n\t\t\t\t\t    element.value = token;\n              added = true;\n            }\n          }\n\t\t\t\t});\n    }\n\t\t});\n\t}\n\t\t<\/script><button class=\"upsales-form-submit\" type=\"submit\" style=\"background-color:#E57D3E\" \/><span>Kontakta mig<\/span><\/button><\/form>\t\t<\/div>\n\t\t\t\t<\/div>\n\t\t\t\t<\/div>\n\t\t\t\t<\/div>\n\t\t<div class=\"elementor-element elementor-element-14a3f2e0 e-con-full elementor-hidden-mobile e-flex e-con e-child\" data-id=\"14a3f2e0\" data-element_type=\"container\" data-settings=\"{&quot;background_background&quot;:&quot;classic&quot;}\">\n\t\t\t\t<\/div>\n\t\t\t\t<\/div>\n\t\t<div class=\"elementor-element elementor-element-8facfaf e-flex e-con-boxed e-con e-parent\" data-id=\"8facfaf\" data-element_type=\"container\">\n\t\t\t\t\t<div class=\"e-con-inner\">\n\t\t\t\t<div class=\"elementor-element elementor-element-71efd7f elementor-widget elementor-widget-infobric_read_more\" data-id=\"71efd7f\" data-element_type=\"widget\" data-widget_type=\"infobric_read_more.default\">\n\t\t\t\t<div class=\"elementor-widget-container\">\n\t\t\t        <div class=\"read-more-widget\">\n            <div class=\"read-more-widget-content\">\n                <h4 class=\"global-headline global-headline-l\">Fler tj\u00e4nster till rabatterat pris.<\/h4>\n                <div class=\"read-more-wrapper\">\n                                            <div class=\"read-more-post-item\">\n                            <img loading=\"lazy\" width=\"1024\" height=\"683\" src=\"https:\/\/infobric.se\/equipment-assets\/wp-content\/uploads\/sites\/21\/2025\/05\/INFOBRIC_B2A3980-1024x683.jpg\" class=\"attachment-large size-large\" alt=\"\" loading=\"lazy\" decoding=\"async\" sizes=\"(max-width: 767px) 100vw, 33vw\" srcset=\"https:\/\/infobric.se\/equipment-assets\/wp-content\/uploads\/sites\/21\/2025\/05\/INFOBRIC_B2A3980-1024x683.jpg 1024w, https:\/\/infobric.se\/equipment-assets\/wp-content\/uploads\/sites\/21\/2025\/05\/INFOBRIC_B2A3980-300x200.jpg 300w, https:\/\/infobric.se\/equipment-assets\/wp-content\/uploads\/sites\/21\/2025\/05\/INFOBRIC_B2A3980-768x512.jpg 768w, https:\/\/infobric.se\/equipment-assets\/wp-content\/uploads\/sites\/21\/2025\/05\/INFOBRIC_B2A3980-1536x1024.jpg 1536w, https:\/\/infobric.se\/equipment-assets\/wp-content\/uploads\/sites\/21\/2025\/05\/INFOBRIC_B2A3980-2048x1366.jpg 2048w, https:\/\/infobric.se\/equipment-assets\/wp-content\/uploads\/sites\/21\/2025\/05\/INFOBRIC_B2A3980-600x400.jpg 600w\" \/>                            <div class=\"read-more-post-item-wrapper\">\n                                <div class=\"read-more-post-item-text-wrapper\">\n                                    <h6 class=\"global-headline global-headline-xs\">Tillbaka till erbjudandets startsida<\/h6>\n                                    <p class=\"global-body-light-m\">Klicka h\u00e4r f\u00f6r att komma tillbaka till alla tj\u00e4nster med rabatterat pris.<\/p>\n                                <\/div>\n                                <a class=\"ib-button-link ib-button-link-light-bg global-body-button \" href=\"https:\/\/infobric.se\/sv\/erbjudande-till-infobric-anvandare\/\" target=\"_blank\" rel=\"noopener noreferrer\" >\n                                    L\u00e4s mer                                    <svg xmlns=\"http:\/\/www.w3.org\/2000\/svg\" width=\"8\" height=\"11\" viewBox=\"0 0 8 11\" fill=\"none\">\n                                        <path d=\"M2 9.5L6 5.5L2 1.5\" stroke=\"#1D2C38\" stroke-width=\"2.4\" stroke-miterlimit=\"10\" stroke-linecap=\"round\" stroke-linejoin=\"round\"\/>\n                                    <\/svg>\n                                <\/a>\n                            <\/div>\n                        <\/div>\n                                            <div class=\"read-more-post-item\">\n                            <img loading=\"lazy\" width=\"1024\" height=\"683\" src=\"https:\/\/infobric.se\/equipment-assets\/wp-content\/uploads\/sites\/21\/2024\/09\/4B9A3057-WEBB-1024x683.jpg\" class=\"attachment-large size-large\" alt=\"En byggarbetare st\u00e5r vid sin servicebil, fullt uppkopplad med Infobric Fleets system\" loading=\"lazy\" decoding=\"async\" sizes=\"(max-width: 767px) 100vw, 33vw\" srcset=\"https:\/\/infobric.se\/equipment-assets\/wp-content\/uploads\/sites\/21\/2024\/09\/4B9A3057-WEBB-1024x683.jpg 1024w, https:\/\/infobric.se\/equipment-assets\/wp-content\/uploads\/sites\/21\/2024\/09\/4B9A3057-WEBB-300x200.jpg 300w, https:\/\/infobric.se\/equipment-assets\/wp-content\/uploads\/sites\/21\/2024\/09\/4B9A3057-WEBB-768x512.jpg 768w, https:\/\/infobric.se\/equipment-assets\/wp-content\/uploads\/sites\/21\/2024\/09\/4B9A3057-WEBB-1536x1024.jpg 1536w, https:\/\/infobric.se\/equipment-assets\/wp-content\/uploads\/sites\/21\/2024\/09\/4B9A3057-WEBB-600x400.jpg 600w, https:\/\/infobric.se\/equipment-assets\/wp-content\/uploads\/sites\/21\/2024\/09\/4B9A3057-WEBB.jpg 2032w\" \/>                            <div class=\"read-more-post-item-wrapper\">\n                                <div class=\"read-more-post-item-text-wrapper\">\n                                    <h6 class=\"global-headline global-headline-xs\">Hantering och sp\u00e5rning av verktyg<\/h6>\n                                    <p class=\"global-body-light-m\">Hantera och sp\u00e5ra verktyg och annan utrustning digitalt. Mer kontroll, b\u00e4ttre \u00f6verblick och \u00f6kad effektivitet.<\/p>\n                                <\/div>\n                                <a class=\"ib-button-link ib-button-link-light-bg global-body-button \" href=\"https:\/\/infobric.se\/equipment-assets\/sv\/plattformar\/infobric-equipment\/equipment-sc\/\"  >\n                                    L\u00e4s mer                                    <svg xmlns=\"http:\/\/www.w3.org\/2000\/svg\" width=\"8\" height=\"11\" viewBox=\"0 0 8 11\" fill=\"none\">\n                                        <path d=\"M2 9.5L6 5.5L2 1.5\" stroke=\"#1D2C38\" stroke-width=\"2.4\" stroke-miterlimit=\"10\" stroke-linecap=\"round\" stroke-linejoin=\"round\"\/>\n                                    <\/svg>\n                                <\/a>\n                            <\/div>\n                        <\/div>\n                                            <div class=\"read-more-post-item\">\n                            <img loading=\"lazy\" width=\"1024\" height=\"683\" src=\"https:\/\/infobric.se\/equipment-assets\/wp-content\/uploads\/sites\/21\/2025\/05\/INFOBRIC_B23-WEBB-1024x683.jpg\" class=\"attachment-large size-large\" alt=\"\" loading=\"lazy\" decoding=\"async\" sizes=\"(max-width: 767px) 100vw, 33vw\" srcset=\"https:\/\/infobric.se\/equipment-assets\/wp-content\/uploads\/sites\/21\/2025\/05\/INFOBRIC_B23-WEBB-1024x683.jpg 1024w, https:\/\/infobric.se\/equipment-assets\/wp-content\/uploads\/sites\/21\/2025\/05\/INFOBRIC_B23-WEBB-300x200.jpg 300w, https:\/\/infobric.se\/equipment-assets\/wp-content\/uploads\/sites\/21\/2025\/05\/INFOBRIC_B23-WEBB-768x512.jpg 768w, https:\/\/infobric.se\/equipment-assets\/wp-content\/uploads\/sites\/21\/2025\/05\/INFOBRIC_B23-WEBB-1536x1024.jpg 1536w, https:\/\/infobric.se\/equipment-assets\/wp-content\/uploads\/sites\/21\/2025\/05\/INFOBRIC_B23-WEBB-2048x1366.jpg 2048w, https:\/\/infobric.se\/equipment-assets\/wp-content\/uploads\/sites\/21\/2025\/05\/INFOBRIC_B23-WEBB-600x400.jpg 600w\" \/>                            <div class=\"read-more-post-item-wrapper\">\n                                <div class=\"read-more-post-item-text-wrapper\">\n                                    <h6 class=\"global-headline global-headline-xs\">Fordonshantering och elektronisk k\u00f6rjournal<\/h6>\n                                    <p class=\"global-body-light-m\">Automatiserar manuellt arbete f\u00f6r f\u00f6rare, fordonsansvarig och ekonomi. Hanterar service, k\u00f6rjournaler och mycket mer.<\/p>\n                                <\/div>\n                                <a class=\"ib-button-link ib-button-link-light-bg global-body-button \" href=\"https:\/\/infobric.se\/equipment-assets\/sv\/plattformar\/infobric-fleet\/fleet-sc\/\"  >\n                                    L\u00e4s mer                                    <svg xmlns=\"http:\/\/www.w3.org\/2000\/svg\" width=\"8\" height=\"11\" viewBox=\"0 0 8 11\" fill=\"none\">\n                                        <path d=\"M2 9.5L6 5.5L2 1.5\" stroke=\"#1D2C38\" stroke-width=\"2.4\" stroke-miterlimit=\"10\" stroke-linecap=\"round\" stroke-linejoin=\"round\"\/>\n                                    <\/svg>\n                                <\/a>\n                            <\/div>\n                        <\/div>\n                                    <\/div>\n            <\/div>\n        <\/div>\n        \t\t<\/div>\n\t\t\t\t<\/div>\n\t\t\t\t\t<\/div>\n\t\t\t\t<\/div>\n\t\t\t\t<\/div>\n\t\t","protected":false},"excerpt":{"rendered":"<p>Prata med en expert! Fyll i dina uppgifter s\u00e5 kontaktar vi dig inom kort. F\u00f6r- och efternamnF\u00f6retagsnamnE-postadressTelefonnummer Jag godk\u00e4nner IntegritetspolicynThis site is protected by reCAPTCHA and the Google Privacy Policy and Terms of Service apply.Kontakta mig Fler tj\u00e4nster till rabatterat pris. Tillbaka till erbjudandets startsida&#8230;<\/p>\n","protected":false},"author":7,"featured_media":0,"parent":6222,"menu_order":0,"comment_status":"closed","ping_status":"closed","template":"","meta":{"_acf_changed":false,"footnotes":""},"acf":[],"yoast_head":"<!-- This site is optimized with the Yoast SEO Premium plugin v22.5 (Yoast SEO v22.5) - https:\/\/yoast.com\/wordpress\/plugins\/seo\/ -->\n<title>Prata med en expert - Infobric<\/title>\n<meta name=\"description\" content=\"Os\u00e4ker p\u00e5 var du ska b\u00f6rja? Ibland \u00e4r det enklare att prata om behoven och f\u00e5 en snabb titt p\u00e5 hur det fungerar i praktiken. Vi hj\u00e4lper dig g\u00e4rna.\" \/>\n<meta name=\"robots\" content=\"noindex, follow\" \/>\n<meta property=\"og:locale\" content=\"sv_SE\" \/>\n<meta property=\"og:type\" content=\"article\" \/>\n<meta property=\"og:title\" content=\"Prata med en expert\" \/>\n<meta property=\"og:description\" content=\"Os\u00e4ker p\u00e5 var du ska b\u00f6rja? Ibland \u00e4r det enklare att prata om behoven och f\u00e5 en snabb titt p\u00e5 hur det fungerar i praktiken. Vi hj\u00e4lper dig g\u00e4rna.\" \/>\n<meta property=\"og:url\" content=\"https:\/\/infobric.se\/equipment-assets\/sv\/plattformar\/prata-med-en-expert\/\" \/>\n<meta property=\"og:site_name\" content=\"Equipment &amp; Assets Sverige\" \/>\n<meta property=\"article:modified_time\" content=\"2025-06-11T07:24:09+00:00\" \/>\n<meta property=\"og:image\" content=\"https:\/\/infobric.se\/equipment-assets\/wp-content\/uploads\/sites\/21\/2025\/05\/INFOBRIC_B2A3980.jpg\" \/>\n<meta name=\"twitter:card\" content=\"summary_large_image\" \/>\n<script type=\"application\/ld+json\" class=\"yoast-schema-graph\">{\"@context\":\"https:\/\/schema.org\",\"@graph\":[{\"@type\":\"WebPage\",\"@id\":\"https:\/\/infobric.se\/equipment-assets\/sv\/plattformar\/prata-med-en-expert\/\",\"url\":\"https:\/\/infobric.se\/equipment-assets\/sv\/plattformar\/prata-med-en-expert\/\",\"name\":\"Prata med en expert - Infobric\",\"isPartOf\":{\"@id\":\"https:\/\/infobric.se\/equipment-assets\/sv\/#website\"},\"primaryImageOfPage\":{\"@id\":\"https:\/\/infobric.se\/equipment-assets\/sv\/plattformar\/prata-med-en-expert\/#primaryimage\"},\"image\":{\"@id\":\"https:\/\/infobric.se\/equipment-assets\/sv\/plattformar\/prata-med-en-expert\/#primaryimage\"},\"thumbnailUrl\":\"https:\/\/infobric.se\/equipment-assets\/wp-content\/uploads\/sites\/21\/2025\/05\/INFOBRIC_B2A3980.jpg\",\"datePublished\":\"2025-06-09T14:57:53+00:00\",\"dateModified\":\"2025-06-11T07:24:09+00:00\",\"description\":\"Os\u00e4ker p\u00e5 var du ska b\u00f6rja? Ibland \u00e4r det enklare att prata om behoven och f\u00e5 en snabb titt p\u00e5 hur det fungerar i praktiken. Vi hj\u00e4lper dig g\u00e4rna.\",\"breadcrumb\":{\"@id\":\"https:\/\/infobric.se\/equipment-assets\/sv\/plattformar\/prata-med-en-expert\/#breadcrumb\"},\"inLanguage\":\"sv-SE\",\"potentialAction\":[{\"@type\":\"ReadAction\",\"target\":[\"https:\/\/infobric.se\/equipment-assets\/sv\/plattformar\/prata-med-en-expert\/\"]}]},{\"@type\":\"ImageObject\",\"inLanguage\":\"sv-SE\",\"@id\":\"https:\/\/infobric.se\/equipment-assets\/sv\/plattformar\/prata-med-en-expert\/#primaryimage\",\"url\":\"https:\/\/infobric.se\/equipment-assets\/wp-content\/uploads\/sites\/21\/2025\/05\/INFOBRIC_B2A3980.jpg\",\"contentUrl\":\"https:\/\/infobric.se\/equipment-assets\/wp-content\/uploads\/sites\/21\/2025\/05\/INFOBRIC_B2A3980.jpg\"},{\"@type\":\"BreadcrumbList\",\"@id\":\"https:\/\/infobric.se\/equipment-assets\/sv\/plattformar\/prata-med-en-expert\/#breadcrumb\",\"itemListElement\":[{\"@type\":\"ListItem\",\"position\":1,\"name\":\"Home\",\"item\":\"https:\/\/infobric.se\/equipment-assets\/sv\/\"},{\"@type\":\"ListItem\",\"position\":2,\"name\":\"Plattformar\",\"item\":\"https:\/\/infobric.se\/equipment-assets\/sv\/plattformar\/\"},{\"@type\":\"ListItem\",\"position\":3,\"name\":\"Prata med en expert\"}]},{\"@type\":\"WebSite\",\"@id\":\"https:\/\/infobric.se\/equipment-assets\/sv\/#website\",\"url\":\"https:\/\/infobric.se\/equipment-assets\/sv\/\",\"name\":\"Equipment &amp; Assets Sverige\",\"description\":\"L\u00f6sningar f\u00f6r fordon, verktyg och orderhantering\",\"potentialAction\":[{\"@type\":\"SearchAction\",\"target\":{\"@type\":\"EntryPoint\",\"urlTemplate\":\"https:\/\/infobric.se\/equipment-assets\/sv\/?s={search_term_string}\"},\"query-input\":\"required name=search_term_string\"}],\"inLanguage\":\"sv-SE\"},{\"@type\":\"ImageObject\",\"inLanguage\":\"sv-SE\",\"@id\":\"https:\/\/infobric.se\/equipment-assets\/sv\/plattformar\/prata-med-en-expert\/#local-main-organization-logo\",\"url\":\"\",\"contentUrl\":\"\",\"caption\":\"Equipment &amp; Assets Sverige\"}]}<\/script>\n<!-- \/ Yoast SEO Premium plugin. -->","yoast_head_json":{"title":"Prata med en expert - Infobric","description":"Os\u00e4ker p\u00e5 var du ska b\u00f6rja? Ibland \u00e4r det enklare att prata om behoven och f\u00e5 en snabb titt p\u00e5 hur det fungerar i praktiken. Vi hj\u00e4lper dig g\u00e4rna.","robots":{"index":"noindex","follow":"follow"},"og_locale":"sv_SE","og_type":"article","og_title":"Prata med en expert","og_description":"Os\u00e4ker p\u00e5 var du ska b\u00f6rja? Ibland \u00e4r det enklare att prata om behoven och f\u00e5 en snabb titt p\u00e5 hur det fungerar i praktiken. Vi hj\u00e4lper dig g\u00e4rna.","og_url":"https:\/\/infobric.se\/equipment-assets\/sv\/plattformar\/prata-med-en-expert\/","og_site_name":"Equipment &amp; Assets Sverige","article_modified_time":"2025-06-11T07:24:09+00:00","og_image":[{"url":"https:\/\/infobric.se\/equipment-assets\/wp-content\/uploads\/sites\/21\/2025\/05\/INFOBRIC_B2A3980.jpg"}],"twitter_card":"summary_large_image","schema":{"@context":"https:\/\/schema.org","@graph":[{"@type":"WebPage","@id":"https:\/\/infobric.se\/equipment-assets\/sv\/plattformar\/prata-med-en-expert\/","url":"https:\/\/infobric.se\/equipment-assets\/sv\/plattformar\/prata-med-en-expert\/","name":"Prata med en expert - Infobric","isPartOf":{"@id":"https:\/\/infobric.se\/equipment-assets\/sv\/#website"},"primaryImageOfPage":{"@id":"https:\/\/infobric.se\/equipment-assets\/sv\/plattformar\/prata-med-en-expert\/#primaryimage"},"image":{"@id":"https:\/\/infobric.se\/equipment-assets\/sv\/plattformar\/prata-med-en-expert\/#primaryimage"},"thumbnailUrl":"https:\/\/infobric.se\/equipment-assets\/wp-content\/uploads\/sites\/21\/2025\/05\/INFOBRIC_B2A3980.jpg","datePublished":"2025-06-09T14:57:53+00:00","dateModified":"2025-06-11T07:24:09+00:00","description":"Os\u00e4ker p\u00e5 var du ska b\u00f6rja? Ibland \u00e4r det enklare att prata om behoven och f\u00e5 en snabb titt p\u00e5 hur det fungerar i praktiken. Vi hj\u00e4lper dig g\u00e4rna.","breadcrumb":{"@id":"https:\/\/infobric.se\/equipment-assets\/sv\/plattformar\/prata-med-en-expert\/#breadcrumb"},"inLanguage":"sv-SE","potentialAction":[{"@type":"ReadAction","target":["https:\/\/infobric.se\/equipment-assets\/sv\/plattformar\/prata-med-en-expert\/"]}]},{"@type":"ImageObject","inLanguage":"sv-SE","@id":"https:\/\/infobric.se\/equipment-assets\/sv\/plattformar\/prata-med-en-expert\/#primaryimage","url":"https:\/\/infobric.se\/equipment-assets\/wp-content\/uploads\/sites\/21\/2025\/05\/INFOBRIC_B2A3980.jpg","contentUrl":"https:\/\/infobric.se\/equipment-assets\/wp-content\/uploads\/sites\/21\/2025\/05\/INFOBRIC_B2A3980.jpg"},{"@type":"BreadcrumbList","@id":"https:\/\/infobric.se\/equipment-assets\/sv\/plattformar\/prata-med-en-expert\/#breadcrumb","itemListElement":[{"@type":"ListItem","position":1,"name":"Home","item":"https:\/\/infobric.se\/equipment-assets\/sv\/"},{"@type":"ListItem","position":2,"name":"Plattformar","item":"https:\/\/infobric.se\/equipment-assets\/sv\/plattformar\/"},{"@type":"ListItem","position":3,"name":"Prata med en expert"}]},{"@type":"WebSite","@id":"https:\/\/infobric.se\/equipment-assets\/sv\/#website","url":"https:\/\/infobric.se\/equipment-assets\/sv\/","name":"Equipment &amp; Assets Sverige","description":"L\u00f6sningar f\u00f6r fordon, verktyg och orderhantering","potentialAction":[{"@type":"SearchAction","target":{"@type":"EntryPoint","urlTemplate":"https:\/\/infobric.se\/equipment-assets\/sv\/?s={search_term_string}"},"query-input":"required name=search_term_string"}],"inLanguage":"sv-SE"},{"@type":"ImageObject","inLanguage":"sv-SE","@id":"https:\/\/infobric.se\/equipment-assets\/sv\/plattformar\/prata-med-en-expert\/#local-main-organization-logo","url":"","contentUrl":"","caption":"Equipment &amp; Assets Sverige"}]}},"_links":{"self":[{"href":"https:\/\/infobric.se\/equipment-assets\/sv\/wp-json\/wp\/v2\/pages\/12615"}],"collection":[{"href":"https:\/\/infobric.se\/equipment-assets\/sv\/wp-json\/wp\/v2\/pages"}],"about":[{"href":"https:\/\/infobric.se\/equipment-assets\/sv\/wp-json\/wp\/v2\/types\/page"}],"author":[{"embeddable":true,"href":"https:\/\/infobric.se\/equipment-assets\/sv\/wp-json\/wp\/v2\/users\/7"}],"replies":[{"embeddable":true,"href":"https:\/\/infobric.se\/equipment-assets\/sv\/wp-json\/wp\/v2\/comments?post=12615"}],"version-history":[{"count":11,"href":"https:\/\/infobric.se\/equipment-assets\/sv\/wp-json\/wp\/v2\/pages\/12615\/revisions"}],"predecessor-version":[{"id":12866,"href":"https:\/\/infobric.se\/equipment-assets\/sv\/wp-json\/wp\/v2\/pages\/12615\/revisions\/12866"}],"up":[{"embeddable":true,"href":"https:\/\/infobric.se\/equipment-assets\/sv\/wp-json\/wp\/v2\/pages\/6222"}],"wp:attachment":[{"href":"https:\/\/infobric.se\/equipment-assets\/sv\/wp-json\/wp\/v2\/media?parent=12615"}],"curies":[{"name":"wp","href":"https:\/\/api.w.org\/{rel}","templated":true}]}}